{"id":75,"date":"2023-10-29T10:31:34","date_gmt":"2023-10-29T10:31:34","guid":{"rendered":"https:\/\/balixiralgerie.com\/?post_type=product&#038;p=75"},"modified":"2026-03-27T15:37:22","modified_gmt":"2026-03-27T15:37:22","slug":"2anti-chute","status":"publish","type":"product","link":"https:\/\/balixiralgerie.com\/en\/product\/2anti-chute\/","title":{"rendered":"clear skin solution &#8211; Serum anti acne"},"content":{"rendered":"<p>D\u00e9couvrez un soin d\u2019exception formul\u00e9 \u00e0 <strong>97\u202f% d\u2019ingr\u00e9dients naturels<\/strong>, pens\u00e9 pour r\u00e9pondre aux besoins des peaux sujettes aux imperfections. Ce s\u00e9rum anti-acn\u00e9 agit en profondeur pour <strong>r\u00e9duire les boutons et imperfections<\/strong>, r\u00e9guler l\u2019exc\u00e8s de s\u00e9bum et apaiser les irritations, tout en respectant l\u2019\u00e9quilibre naturel de la peau.<\/p>\n<p>Sa formule hautement concentr\u00e9e permet une <strong>efficacit\u00e9 rapide<\/strong>, avec des <strong>r\u00e9sultats visibles d\u00e8s la 2\u1d49 semaine d\u2019utilisation<\/strong>. La peau retrouve progressivement son \u00e9clat, sa texture devient plus lisse et les signes d\u2019acn\u00e9 sont visiblement att\u00e9nu\u00e9s.<\/p>\n<p>Enrichi d\u2019actifs naturels soigneusement s\u00e9lectionn\u00e9s, ce s\u00e9rum offre \u00e9galement une <strong>action hydratante et apaisante<\/strong>, limitant les rougeurs et renfor\u00e7ant la barri\u00e8re cutan\u00e9e. R\u00e9sultat : une peau nette, lumineuse, purifi\u00e9e et sublim\u00e9e, au toucher doux et confortable.<\/p>\n<p>&nbsp;<\/p>","protected":false},"excerpt":{"rendered":"<p><strong>\u00a0<\/strong><strong>S\u00e9rum d\u2019exception formul\u00e9 \u00e0 97\u202f% d\u2019ingr\u00e9dients naturels, il r\u00e9duit visiblement l\u2019acn\u00e9, r\u00e9gule l\u2019exc\u00e8s de s\u00e9bum et apaise la peau d\u00e8s les premiers jours. R\u00e9sultats visibles d\u00e8s la 2eme semaine d\u2019utilisation, pour une peau nette, lumineuse et sublim\u00e9e.<\/strong><\/p>","protected":false},"featured_media":1637,"template":"","meta":{"nf_dc_page":"","om_disable_all_campaigns":false,"_uag_custom_page_level_css":"","site-sidebar-layout":"default","site-content-layout":"","ast-site-content-layout":"default","site-content-style":"default","site-sidebar-style":"default","ast-global-header-display":"","ast-banner-title-visibility":"","ast-main-header-display":"","ast-hfb-above-header-display":"","ast-hfb-below-header-display":"","ast-hfb-mobile-header-display":"","site-post-title":"","ast-breadcrumbs-content":"","ast-featured-img":"","footer-sml-layout":"","ast-disable-related-posts":"","theme-transparent-header-meta":"default","adv-header-id-meta":"","stick-header-meta":"","header-above-stick-meta":"","header-main-stick-meta":"","header-below-stick-meta":"","astra-migrate-meta-layouts":"set","ast-page-background-enabled":"default","ast-page-background-meta":{"desktop":{"background-color":"var(--ast-global-color-4)","background-image":"","background-repeat":"repeat","background-position":"center center","background-size":"auto","background-attachment":"scroll","background-type":"","background-media":"","overlay-type":"","overlay-color":"","overlay-opacity":"","overlay-gradient":""},"tablet":{"background-color":"","background-image":"","background-repeat":"repeat","background-position":"center center","background-size":"auto","background-attachment":"scroll","background-type":"","background-media":"","overlay-type":"","overlay-color":"","overlay-opacity":"","overlay-gradient":""},"mobile":{"background-color":"","background-image":"","background-repeat":"repeat","background-position":"center center","background-size":"auto","background-attachment":"scroll","background-type":"","background-media":"","overlay-type":"","overlay-color":"","overlay-opacity":"","overlay-gradient":""}},"ast-content-background-meta":{"desktop":{"background-color":"var(--ast-global-color-5)","background-image":"","background-repeat":"repeat","background-position":"center center","background-size":"auto","background-attachment":"scroll","background-type":"","background-media":"","overlay-type":"","overlay-color":"","overlay-opacity":"","overlay-gradient":""},"tablet":{"background-color":"var(--ast-global-color-5)","background-image":"","background-repeat":"repeat","background-position":"center center","background-size":"auto","background-attachment":"scroll","background-type":"","background-media":"","overlay-type":"","overlay-color":"","overlay-opacity":"","overlay-gradient":""},"mobile":{"background-color":"var(--ast-global-color-5)","background-image":"","background-repeat":"repeat","background-position":"center center","background-size":"auto","background-attachment":"scroll","background-type":"","background-media":"","overlay-type":"","overlay-color":"","overlay-opacity":"","overlay-gradient":""}}},"product_brand":[],"product_cat":[26],"product_tag":[19],"class_list":{"0":"post-75","1":"product","2":"type-product","3":"status-publish","4":"has-post-thumbnail","6":"product_cat-soins-facial-2","7":"product_tag-shop","8":"desktop-align-left","9":"tablet-align-left","10":"mobile-align-center","12":"first","13":"instock","14":"sale","15":"purchasable","16":"product-type-simple"},"yoast_head":"<!-- This site is optimized with the Yoast SEO plugin v27.5 - https:\/\/yoast.com\/product\/yoast-seo-wordpress\/ -->\n<title>clear skin solution - Serum anti acne -<\/title>\n<meta name=\"robots\" content=\"index, follow, max-snippet:-1, max-image-preview:large, max-video-preview:-1\" \/>\n<link rel=\"canonical\" href=\"https:\/\/balixiralgerie.com\/en\/product\/2anti-chute\/\" \/>\n<meta property=\"og:locale\" content=\"en_US\" \/>\n<meta property=\"og:type\" content=\"article\" \/>\n<meta property=\"og:title\" content=\"clear skin solution - Serum anti acne -\" \/>\n<meta property=\"og:description\" content=\"\u00a0S\u00e9rum d\u2019exception formul\u00e9 \u00e0 97\u202f% d\u2019ingr\u00e9dients naturels, il r\u00e9duit visiblement l\u2019acn\u00e9, r\u00e9gule l\u2019exc\u00e8s de s\u00e9bum et apaise la peau d\u00e8s les premiers jours. R\u00e9sultats visibles d\u00e8s la 2eme semaine d\u2019utilisation, pour une peau nette, lumineuse et sublim\u00e9e.\" \/>\n<meta property=\"og:url\" content=\"https:\/\/balixiralgerie.com\/en\/product\/2anti-chute\/\" \/>\n<meta property=\"article:modified_time\" content=\"2026-03-27T15:37:22+00:00\" \/>\n<meta property=\"og:image\" content=\"https:\/\/balixiralgerie.com\/wp-content\/uploads\/2023\/10\/img_4515.png\" \/>\n\t<meta property=\"og:image:width\" content=\"1512\" \/>\n\t<meta property=\"og:image:height\" content=\"1512\" \/>\n\t<meta property=\"og:image:type\" content=\"image\/png\" \/>\n<meta name=\"twitter:card\" content=\"summary_large_image\" \/>\n<meta name=\"twitter:label1\" content=\"Est. reading time\" \/>\n\t<meta name=\"twitter:data1\" content=\"1 minute\" \/>\n<script type=\"application\/ld+json\" class=\"yoast-schema-graph\">{\"@context\":\"https:\\\/\\\/schema.org\",\"@graph\":[{\"@type\":\"WebPage\",\"@id\":\"https:\\\/\\\/balixiralgerie.com\\\/product\\\/2anti-chute\\\/\",\"url\":\"https:\\\/\\\/balixiralgerie.com\\\/product\\\/2anti-chute\\\/\",\"name\":\"clear skin solution - Serum anti acne -\",\"isPartOf\":{\"@id\":\"https:\\\/\\\/balixiralgerie.com\\\/#website\"},\"primaryImageOfPage\":{\"@id\":\"https:\\\/\\\/balixiralgerie.com\\\/product\\\/2anti-chute\\\/#primaryimage\"},\"image\":{\"@id\":\"https:\\\/\\\/balixiralgerie.com\\\/product\\\/2anti-chute\\\/#primaryimage\"},\"thumbnailUrl\":\"https:\\\/\\\/i0.wp.com\\\/balixiralgerie.com\\\/wp-content\\\/uploads\\\/2023\\\/10\\\/img_4515.png?fit=1512%2C1512&ssl=1\",\"datePublished\":\"2023-10-29T10:31:34+00:00\",\"dateModified\":\"2026-03-27T15:37:22+00:00\",\"breadcrumb\":{\"@id\":\"https:\\\/\\\/balixiralgerie.com\\\/product\\\/2anti-chute\\\/#breadcrumb\"},\"inLanguage\":\"en-US\",\"potentialAction\":[{\"@type\":\"ReadAction\",\"target\":[\"https:\\\/\\\/balixiralgerie.com\\\/product\\\/2anti-chute\\\/\"]}]},{\"@type\":\"ImageObject\",\"inLanguage\":\"en-US\",\"@id\":\"https:\\\/\\\/balixiralgerie.com\\\/product\\\/2anti-chute\\\/#primaryimage\",\"url\":\"https:\\\/\\\/i0.wp.com\\\/balixiralgerie.com\\\/wp-content\\\/uploads\\\/2023\\\/10\\\/img_4515.png?fit=1512%2C1512&ssl=1\",\"contentUrl\":\"https:\\\/\\\/i0.wp.com\\\/balixiralgerie.com\\\/wp-content\\\/uploads\\\/2023\\\/10\\\/img_4515.png?fit=1512%2C1512&ssl=1\",\"width\":1512,\"height\":1512},{\"@type\":\"BreadcrumbList\",\"@id\":\"https:\\\/\\\/balixiralgerie.com\\\/product\\\/2anti-chute\\\/#breadcrumb\",\"itemListElement\":[{\"@type\":\"ListItem\",\"position\":1,\"name\":\"Home\",\"item\":\"https:\\\/\\\/balixiralgerie.com\\\/\"},{\"@type\":\"ListItem\",\"position\":2,\"name\":\"Nos produits\",\"item\":\"https:\\\/\\\/balixiralgerie.com\\\/shop\\\/\"},{\"@type\":\"ListItem\",\"position\":3,\"name\":\"clear skin solution &#8211; Serum anti acne\"}]},{\"@type\":\"WebSite\",\"@id\":\"https:\\\/\\\/balixiralgerie.com\\\/#website\",\"url\":\"https:\\\/\\\/balixiralgerie.com\\\/\",\"name\":\"\",\"description\":\"\",\"potentialAction\":[{\"@type\":\"SearchAction\",\"target\":{\"@type\":\"EntryPoint\",\"urlTemplate\":\"https:\\\/\\\/balixiralgerie.com\\\/?s={search_term_string}\"},\"query-input\":{\"@type\":\"PropertyValueSpecification\",\"valueRequired\":true,\"valueName\":\"search_term_string\"}}],\"inLanguage\":\"en-US\"}]}<\/script>\n<!-- \/ Yoast SEO plugin. -->","yoast_head_json":{"title":"clear skin solution - Serum anti acne -","robots":{"index":"index","follow":"follow","max-snippet":"max-snippet:-1","max-image-preview":"max-image-preview:large","max-video-preview":"max-video-preview:-1"},"canonical":"https:\/\/balixiralgerie.com\/en\/product\/2anti-chute\/","og_locale":"en_US","og_type":"article","og_title":"clear skin solution - Serum anti acne -","og_description":"\u00a0S\u00e9rum d\u2019exception formul\u00e9 \u00e0 97\u202f% d\u2019ingr\u00e9dients naturels, il r\u00e9duit visiblement l\u2019acn\u00e9, r\u00e9gule l\u2019exc\u00e8s de s\u00e9bum et apaise la peau d\u00e8s les premiers jours. R\u00e9sultats visibles d\u00e8s la 2eme semaine d\u2019utilisation, pour une peau nette, lumineuse et sublim\u00e9e.","og_url":"https:\/\/balixiralgerie.com\/en\/product\/2anti-chute\/","article_modified_time":"2026-03-27T15:37:22+00:00","og_image":[{"width":1512,"height":1512,"url":"https:\/\/balixiralgerie.com\/wp-content\/uploads\/2023\/10\/img_4515.png","type":"image\/png"}],"twitter_card":"summary_large_image","twitter_misc":{"Est. reading time":"1 minute"},"schema":{"@context":"https:\/\/schema.org","@graph":[{"@type":"WebPage","@id":"https:\/\/balixiralgerie.com\/product\/2anti-chute\/","url":"https:\/\/balixiralgerie.com\/product\/2anti-chute\/","name":"clear skin solution - Serum anti acne -","isPartOf":{"@id":"https:\/\/balixiralgerie.com\/#website"},"primaryImageOfPage":{"@id":"https:\/\/balixiralgerie.com\/product\/2anti-chute\/#primaryimage"},"image":{"@id":"https:\/\/balixiralgerie.com\/product\/2anti-chute\/#primaryimage"},"thumbnailUrl":"https:\/\/i0.wp.com\/balixiralgerie.com\/wp-content\/uploads\/2023\/10\/img_4515.png?fit=1512%2C1512&ssl=1","datePublished":"2023-10-29T10:31:34+00:00","dateModified":"2026-03-27T15:37:22+00:00","breadcrumb":{"@id":"https:\/\/balixiralgerie.com\/product\/2anti-chute\/#breadcrumb"},"inLanguage":"en-US","potentialAction":[{"@type":"ReadAction","target":["https:\/\/balixiralgerie.com\/product\/2anti-chute\/"]}]},{"@type":"ImageObject","inLanguage":"en-US","@id":"https:\/\/balixiralgerie.com\/product\/2anti-chute\/#primaryimage","url":"https:\/\/i0.wp.com\/balixiralgerie.com\/wp-content\/uploads\/2023\/10\/img_4515.png?fit=1512%2C1512&ssl=1","contentUrl":"https:\/\/i0.wp.com\/balixiralgerie.com\/wp-content\/uploads\/2023\/10\/img_4515.png?fit=1512%2C1512&ssl=1","width":1512,"height":1512},{"@type":"BreadcrumbList","@id":"https:\/\/balixiralgerie.com\/product\/2anti-chute\/#breadcrumb","itemListElement":[{"@type":"ListItem","position":1,"name":"Home","item":"https:\/\/balixiralgerie.com\/"},{"@type":"ListItem","position":2,"name":"Nos produits","item":"https:\/\/balixiralgerie.com\/shop\/"},{"@type":"ListItem","position":3,"name":"clear skin solution &#8211; Serum anti acne"}]},{"@type":"WebSite","@id":"https:\/\/balixiralgerie.com\/#website","url":"https:\/\/balixiralgerie.com\/","name":"","description":"","potentialAction":[{"@type":"SearchAction","target":{"@type":"EntryPoint","urlTemplate":"https:\/\/balixiralgerie.com\/?s={search_term_string}"},"query-input":{"@type":"PropertyValueSpecification","valueRequired":true,"valueName":"search_term_string"}}],"inLanguage":"en-US"}]}},"uagb_featured_image_src":{"full":["https:\/\/i0.wp.com\/balixiralgerie.com\/wp-content\/uploads\/2023\/10\/img_4515.png?fit=1512%2C1512&ssl=1",1512,1512,false],"thumbnail":["https:\/\/i0.wp.com\/balixiralgerie.com\/wp-content\/uploads\/2023\/10\/img_4515.png?resize=150%2C150&ssl=1",150,150,true],"medium":["https:\/\/i0.wp.com\/balixiralgerie.com\/wp-content\/uploads\/2023\/10\/img_4515.png?fit=300%2C300&ssl=1",300,300,true],"medium_large":["https:\/\/i0.wp.com\/balixiralgerie.com\/wp-content\/uploads\/2023\/10\/img_4515.png?fit=768%2C768&ssl=1",768,768,true],"large":["https:\/\/i0.wp.com\/balixiralgerie.com\/wp-content\/uploads\/2023\/10\/img_4515.png?fit=1024%2C1024&ssl=1",1024,1024,true],"1536x1536":["https:\/\/i0.wp.com\/balixiralgerie.com\/wp-content\/uploads\/2023\/10\/img_4515.png?fit=1512%2C1512&ssl=1",1512,1512,true],"2048x2048":["https:\/\/i0.wp.com\/balixiralgerie.com\/wp-content\/uploads\/2023\/10\/img_4515.png?fit=1512%2C1512&ssl=1",1512,1512,true],"trp-custom-language-flag":["https:\/\/i0.wp.com\/balixiralgerie.com\/wp-content\/uploads\/2023\/10\/img_4515.png?fit=12%2C12&ssl=1",12,12,true],"woocommerce_thumbnail":["https:\/\/balixiralgerie.com\/wp-content\/uploads\/2023\/10\/img_4515-800x800.png",800,800,true],"woocommerce_single":["https:\/\/balixiralgerie.com\/wp-content\/uploads\/2023\/10\/img_4515.png",600,600,false],"woocommerce_gallery_thumbnail":["https:\/\/balixiralgerie.com\/wp-content\/uploads\/2023\/10\/img_4515-100x100.png",100,100,true],"form-edit-image-preview":["https:\/\/balixiralgerie.com\/wp-content\/uploads\/2023\/10\/img_4515-116x116.png",116,116,true]},"uagb_author_info":{"display_name":"balixiralgerie","author_link":"https:\/\/balixiralgerie.com\/en\/author\/"},"uagb_comment_info":0,"uagb_excerpt":"\u00a0S\u00e9rum d\u2019exception formul\u00e9 \u00e0 97\u202f% d\u2019ingr\u00e9dients naturels, il r\u00e9duit visiblement l\u2019acn\u00e9, r\u00e9gule l\u2019exc\u00e8s de s\u00e9bum et apaise la peau d\u00e8s les premiers jours. R\u00e9sultats visibles d\u00e8s la 2eme semaine d\u2019utilisation, pour une peau nette, lumineuse et sublim\u00e9e.","jetpack_sharing_enabled":true,"_links":{"self":[{"href":"https:\/\/balixiralgerie.com\/en\/wp-json\/wp\/v2\/product\/75","targetHints":{"allow":["GET"]}}],"collection":[{"href":"https:\/\/balixiralgerie.com\/en\/wp-json\/wp\/v2\/product"}],"about":[{"href":"https:\/\/balixiralgerie.com\/en\/wp-json\/wp\/v2\/types\/product"}],"version-history":[{"count":5,"href":"https:\/\/balixiralgerie.com\/en\/wp-json\/wp\/v2\/product\/75\/revisions"}],"predecessor-version":[{"id":1653,"href":"https:\/\/balixiralgerie.com\/en\/wp-json\/wp\/v2\/product\/75\/revisions\/1653"}],"wp:featuredmedia":[{"embeddable":true,"href":"https:\/\/balixiralgerie.com\/en\/wp-json\/wp\/v2\/media\/1637"}],"wp:attachment":[{"href":"https:\/\/balixiralgerie.com\/en\/wp-json\/wp\/v2\/media?parent=75"}],"wp:term":[{"taxonomy":"product_brand","embeddable":true,"href":"https:\/\/balixiralgerie.com\/en\/wp-json\/wp\/v2\/product_brand?post=75"},{"taxonomy":"product_cat","embeddable":true,"href":"https:\/\/balixiralgerie.com\/en\/wp-json\/wp\/v2\/product_cat?post=75"},{"taxonomy":"product_tag","embeddable":true,"href":"https:\/\/balixiralgerie.com\/en\/wp-json\/wp\/v2\/product_tag?post=75"}],"curies":[{"name":"wp","href":"https:\/\/api.w.org\/{rel}","templated":true}]}}