{"id":683,"date":"2023-12-22T02:39:45","date_gmt":"2023-12-22T02:39:45","guid":{"rendered":"https:\/\/balixiralgerie.com\/product\/pack-de-soin-facial-et-anti-acne\/"},"modified":"2026-03-27T15:41:19","modified_gmt":"2026-03-27T15:41:19","slug":"pack-de-soin-facial-et-anti-acne","status":"publish","type":"product","link":"https:\/\/balixiralgerie.com\/en\/product\/pack-de-soin-facial-et-anti-acne\/","title":{"rendered":"pack Anti-imperfection"},"content":{"rendered":"<p>Une routine cibl\u00e9e associant la <strong data-start=\"256\" data-end=\"278\">niacinamide \u00e0 10 %<\/strong> et l\u2019<strong data-start=\"284\" data-end=\"324\">huile de p\u00e9pins de figue de barbarie<\/strong> pour <strong data-start=\"330\" data-end=\"353\">resserrer les pores<\/strong>, <strong data-start=\"355\" data-end=\"383\">r\u00e9guler l\u2019exc\u00e8s de s\u00e9bum<\/strong> et r\u00e9duire les imperfections. Elle aide \u00e0 apaiser la peau, affiner le grain de peau et r\u00e9v\u00e9ler un teint plus net, \u00e9quilibr\u00e9 et lumineux.<\/p>\n<div class=\"relative basis-auto flex-col -mb-(--composer-overlap-px) [--composer-overlap-px:55px] grow flex\">\n<div class=\"flex flex-col text-sm pb-25\">\n<article class=\"text-token-text-primary w-full focus:outline-none [--shadow-height:45px] has-data-writing-block:pointer-events-none has-data-writing-block:-mt-(--shadow-height) has-data-writing-block:pt-(--shadow-height) [&amp;:has([data-writing-block])&gt;*]:pointer-events-auto scroll-mt-[calc(var(--header-height)+min(200px,max(70px,20svh)))]\" dir=\"auto\" data-turn-id=\"5f9bdc9a-f9ba-4f33-b9e1-23cf15eee270\" data-testid=\"conversation-turn-22\" data-scroll-anchor=\"true\" data-turn=\"assistant\">\n<div class=\"text-base my-auto mx-auto pb-10 [--thread-content-margin:--spacing(4)] @w-sm\/main:[--thread-content-margin:--spacing(6)] @w-lg\/main:[--thread-content-margin:--spacing(16)] px-(--thread-content-margin)\">\n<div class=\"[--thread-content-max-width:40rem] @w-lg\/main:[--thread-content-max-width:48rem] mx-auto max-w-(--thread-content-max-width) flex-1 group\/turn-messages focus-visible:outline-hidden relative flex w-full min-w-0 flex-col agent-turn\">\n<div class=\"flex max-w-full flex-col grow\">\n<div class=\"min-h-8 text-message relative flex w-full flex-col items-end gap-2 text-start break-words whitespace-normal [.text-message+&amp;]:mt-1\" dir=\"auto\" data-message-author-role=\"assistant\" data-message-id=\"727feaf2-dcdc-4227-b4c8-600c9c3a0547\" data-message-model-slug=\"gpt-5-mini\">\n<div class=\"flex w-full flex-col gap-1 empty:hidden first:pt-[1px]\">\n<div class=\"markdown prose dark:prose-invert w-full break-words light markdown-new-styling\">\n<p data-start=\"221\" data-end=\"238\"><strong data-start=\"221\" data-end=\"236\">Bienfaits :<\/strong><\/p>\n<ul data-start=\"239\" data-end=\"529\">\n<li data-start=\"239\" data-end=\"292\">\n<p data-start=\"241\" data-end=\"292\"><strong data-start=\"241\" data-end=\"263\">Resserre les pores<\/strong> et affine le grain de peau<\/p>\n<\/li>\n<li data-start=\"293\" data-end=\"354\">\n<p data-start=\"295\" data-end=\"354\"><strong data-start=\"295\" data-end=\"322\">R\u00e9gule l\u2019exc\u00e8s de s\u00e9bum<\/strong> pour une peau moins brillante<\/p>\n<\/li>\n<li data-start=\"355\" data-end=\"410\">\n<p data-start=\"357\" data-end=\"410\"><strong data-start=\"357\" data-end=\"385\">R\u00e9duit les imperfections<\/strong> et apaise les rougeurs<\/p>\n<\/li>\n<li data-start=\"411\" data-end=\"484\">\n<p data-start=\"413\" data-end=\"484\"><strong data-start=\"413\" data-end=\"435\">Nourrit et prot\u00e8ge<\/strong> gr\u00e2ce \u00e0 l\u2019huile de p\u00e9pins de figue de barbarie<\/p>\n<\/li>\n<li data-start=\"485\" data-end=\"529\">\n<p data-start=\"487\" data-end=\"529\"><strong data-start=\"487\" data-end=\"527\">Teint plus net, uniforme et lumineux<\/strong><\/p>\n<\/li>\n<\/ul>\n<p data-start=\"531\" data-end=\"726\"><strong data-start=\"531\" data-end=\"546\">Fait pour :<\/strong><br data-start=\"546\" data-end=\"549\" \/>\u2714 Les peaux mixtes \u00e0 grasses<br data-start=\"577\" data-end=\"580\" \/>\u2714 Les peaux sujettes aux imperfections et aux exc\u00e8s de s\u00e9bum<br data-start=\"640\" data-end=\"643\" \/>\u2714 Tous ceux qui recherchent une routine naturelle, efficace et douce pour la peau<\/p>\n<\/div>\n<\/div>\n<\/div>\n<\/div>\n<\/div>\n<\/div>\n<\/article>\n<\/div>\n<\/div>\n","protected":false},"excerpt":{"rendered":"<p>Ce pack contient 3 produits puissants pour la peau a effet anti acn\u00e9 et anti imperfection, vous aidera \u00e0 am\u00e9liorer l\u2019apparence de l\u2019acn\u00e9 et \u00e0 contr\u00f4ler l\u2019apparition de nouveaux signes gr\u00e2ce \u00e0 ses puissantes technologies naturelles et respectueuses de la peau. Dites bye-bye \u00e0 l\u2019acn\u00e9 et aux imperfections !<\/p>","protected":false},"featured_media":1670,"template":"","meta":{"nf_dc_page":"","om_disable_all_campaigns":false,"_uag_custom_page_level_css":"","site-sidebar-layout":"default","site-content-layout":"","ast-site-content-layout":"default","site-content-style":"default","site-sidebar-style":"default","ast-global-header-display":"","ast-banner-title-visibility":"","ast-main-header-display":"","ast-hfb-above-header-display":"","ast-hfb-below-header-display":"","ast-hfb-mobile-header-display":"","site-post-title":"","ast-breadcrumbs-content":"","ast-featured-img":"","footer-sml-layout":"","ast-disable-related-posts":"","theme-transparent-header-meta":"default","adv-header-id-meta":"","stick-header-meta":"","header-above-stick-meta":"","header-main-stick-meta":"","header-below-stick-meta":"","astra-migrate-meta-layouts":"set","ast-page-background-enabled":"default","ast-page-background-meta":{"desktop":{"background-color":"var(--ast-global-color-4)","background-image":"","background-repeat":"repeat","background-position":"center center","background-size":"auto","background-attachment":"scroll","background-type":"","background-media":"","overlay-type":"","overlay-color":"","overlay-opacity":"","overlay-gradient":""},"tablet":{"background-color":"","background-image":"","background-repeat":"repeat","background-position":"center center","background-size":"auto","background-attachment":"scroll","background-type":"","background-media":"","overlay-type":"","overlay-color":"","overlay-opacity":"","overlay-gradient":""},"mobile":{"background-color":"","background-image":"","background-repeat":"repeat","background-position":"center center","background-size":"auto","background-attachment":"scroll","background-type":"","background-media":"","overlay-type":"","overlay-color":"","overlay-opacity":"","overlay-gradient":""}},"ast-content-background-meta":{"desktop":{"background-color":"var(--ast-global-color-5)","background-image":"","background-repeat":"repeat","background-position":"center center","background-size":"auto","background-attachment":"scroll","background-type":"","background-media":"","overlay-type":"","overlay-color":"","overlay-opacity":"","overlay-gradient":""},"tablet":{"background-color":"var(--ast-global-color-5)","background-image":"","background-repeat":"repeat","background-position":"center center","background-size":"auto","background-attachment":"scroll","background-type":"","background-media":"","overlay-type":"","overlay-color":"","overlay-opacity":"","overlay-gradient":""},"mobile":{"background-color":"var(--ast-global-color-5)","background-image":"","background-repeat":"repeat","background-position":"center center","background-size":"auto","background-attachment":"scroll","background-type":"","background-media":"","overlay-type":"","overlay-color":"","overlay-opacity":"","overlay-gradient":""}}},"product_brand":[],"product_cat":[26],"product_tag":[],"class_list":{"0":"post-683","1":"product","2":"type-product","3":"status-publish","4":"has-post-thumbnail","6":"product_cat-soins-facial-2","7":"desktop-align-left","8":"tablet-align-left","9":"mobile-align-center","11":"first","12":"instock","13":"sale","14":"purchasable","15":"product-type-simple"},"yoast_head":"<!-- This site is optimized with the Yoast SEO plugin v27.5 - https:\/\/yoast.com\/product\/yoast-seo-wordpress\/ -->\n<title>pack Anti-imperfection -<\/title>\n<meta name=\"robots\" content=\"index, follow, max-snippet:-1, max-image-preview:large, max-video-preview:-1\" \/>\n<link rel=\"canonical\" href=\"https:\/\/balixiralgerie.com\/en\/product\/pack-de-soin-facial-et-anti-acne\/\" \/>\n<meta property=\"og:locale\" content=\"en_US\" \/>\n<meta property=\"og:type\" content=\"article\" \/>\n<meta property=\"og:title\" content=\"pack Anti-imperfection -\" \/>\n<meta property=\"og:description\" content=\"Ce pack contient 3 produits puissants pour la peau a effet anti acn\u00e9 et anti imperfection, vous aidera \u00e0 am\u00e9liorer l\u2019apparence de l\u2019acn\u00e9 et \u00e0 contr\u00f4ler l\u2019apparition de nouveaux signes gr\u00e2ce \u00e0 ses puissantes technologies naturelles et respectueuses de la peau. Dites bye-bye \u00e0 l\u2019acn\u00e9 et aux imperfections !\" \/>\n<meta property=\"og:url\" content=\"https:\/\/balixiralgerie.com\/en\/product\/pack-de-soin-facial-et-anti-acne\/\" \/>\n<meta property=\"article:modified_time\" content=\"2026-03-27T15:41:19+00:00\" \/>\n<meta property=\"og:image\" content=\"https:\/\/i0.wp.com\/balixiralgerie.com\/wp-content\/uploads\/2023\/12\/img_4537.png?fit=1080%2C1350&ssl=1\" \/>\n\t<meta property=\"og:image:width\" content=\"1080\" \/>\n\t<meta property=\"og:image:height\" content=\"1350\" \/>\n\t<meta property=\"og:image:type\" content=\"image\/png\" \/>\n<meta name=\"twitter:card\" content=\"summary_large_image\" \/>\n<meta name=\"twitter:label1\" content=\"Est. reading time\" \/>\n\t<meta name=\"twitter:data1\" content=\"1 minute\" \/>\n<script type=\"application\/ld+json\" class=\"yoast-schema-graph\">{\"@context\":\"https:\\\/\\\/schema.org\",\"@graph\":[{\"@type\":\"WebPage\",\"@id\":\"https:\\\/\\\/balixiralgerie.com\\\/product\\\/pack-de-soin-facial-et-anti-acne\\\/\",\"url\":\"https:\\\/\\\/balixiralgerie.com\\\/product\\\/pack-de-soin-facial-et-anti-acne\\\/\",\"name\":\"pack Anti-imperfection -\",\"isPartOf\":{\"@id\":\"https:\\\/\\\/balixiralgerie.com\\\/#website\"},\"primaryImageOfPage\":{\"@id\":\"https:\\\/\\\/balixiralgerie.com\\\/product\\\/pack-de-soin-facial-et-anti-acne\\\/#primaryimage\"},\"image\":{\"@id\":\"https:\\\/\\\/balixiralgerie.com\\\/product\\\/pack-de-soin-facial-et-anti-acne\\\/#primaryimage\"},\"thumbnailUrl\":\"https:\\\/\\\/i0.wp.com\\\/balixiralgerie.com\\\/wp-content\\\/uploads\\\/2023\\\/12\\\/img_4537.png?fit=1080%2C1350&ssl=1\",\"datePublished\":\"2023-12-22T02:39:45+00:00\",\"dateModified\":\"2026-03-27T15:41:19+00:00\",\"breadcrumb\":{\"@id\":\"https:\\\/\\\/balixiralgerie.com\\\/product\\\/pack-de-soin-facial-et-anti-acne\\\/#breadcrumb\"},\"inLanguage\":\"en-US\",\"potentialAction\":[{\"@type\":\"ReadAction\",\"target\":[\"https:\\\/\\\/balixiralgerie.com\\\/product\\\/pack-de-soin-facial-et-anti-acne\\\/\"]}]},{\"@type\":\"ImageObject\",\"inLanguage\":\"en-US\",\"@id\":\"https:\\\/\\\/balixiralgerie.com\\\/product\\\/pack-de-soin-facial-et-anti-acne\\\/#primaryimage\",\"url\":\"https:\\\/\\\/i0.wp.com\\\/balixiralgerie.com\\\/wp-content\\\/uploads\\\/2023\\\/12\\\/img_4537.png?fit=1080%2C1350&ssl=1\",\"contentUrl\":\"https:\\\/\\\/i0.wp.com\\\/balixiralgerie.com\\\/wp-content\\\/uploads\\\/2023\\\/12\\\/img_4537.png?fit=1080%2C1350&ssl=1\",\"width\":1080,\"height\":1350},{\"@type\":\"BreadcrumbList\",\"@id\":\"https:\\\/\\\/balixiralgerie.com\\\/product\\\/pack-de-soin-facial-et-anti-acne\\\/#breadcrumb\",\"itemListElement\":[{\"@type\":\"ListItem\",\"position\":1,\"name\":\"Home\",\"item\":\"https:\\\/\\\/balixiralgerie.com\\\/\"},{\"@type\":\"ListItem\",\"position\":2,\"name\":\"Nos produits\",\"item\":\"https:\\\/\\\/balixiralgerie.com\\\/shop\\\/\"},{\"@type\":\"ListItem\",\"position\":3,\"name\":\"pack Anti-imperfection\"}]},{\"@type\":\"WebSite\",\"@id\":\"https:\\\/\\\/balixiralgerie.com\\\/#website\",\"url\":\"https:\\\/\\\/balixiralgerie.com\\\/\",\"name\":\"\",\"description\":\"\",\"potentialAction\":[{\"@type\":\"SearchAction\",\"target\":{\"@type\":\"EntryPoint\",\"urlTemplate\":\"https:\\\/\\\/balixiralgerie.com\\\/?s={search_term_string}\"},\"query-input\":{\"@type\":\"PropertyValueSpecification\",\"valueRequired\":true,\"valueName\":\"search_term_string\"}}],\"inLanguage\":\"en-US\"}]}<\/script>\n<!-- \/ Yoast SEO plugin. -->","yoast_head_json":{"title":"pack Anti-imperfection -","robots":{"index":"index","follow":"follow","max-snippet":"max-snippet:-1","max-image-preview":"max-image-preview:large","max-video-preview":"max-video-preview:-1"},"canonical":"https:\/\/balixiralgerie.com\/en\/product\/pack-de-soin-facial-et-anti-acne\/","og_locale":"en_US","og_type":"article","og_title":"pack Anti-imperfection -","og_description":"Ce pack contient 3 produits puissants pour la peau a effet anti acn\u00e9 et anti imperfection, vous aidera \u00e0 am\u00e9liorer l\u2019apparence de l\u2019acn\u00e9 et \u00e0 contr\u00f4ler l\u2019apparition de nouveaux signes gr\u00e2ce \u00e0 ses puissantes technologies naturelles et respectueuses de la peau. Dites bye-bye \u00e0 l\u2019acn\u00e9 et aux imperfections !","og_url":"https:\/\/balixiralgerie.com\/en\/product\/pack-de-soin-facial-et-anti-acne\/","article_modified_time":"2026-03-27T15:41:19+00:00","og_image":[{"width":1080,"height":1350,"url":"https:\/\/i0.wp.com\/balixiralgerie.com\/wp-content\/uploads\/2023\/12\/img_4537.png?fit=1080%2C1350&ssl=1","type":"image\/png"}],"twitter_card":"summary_large_image","twitter_misc":{"Est. reading time":"1 minute"},"schema":{"@context":"https:\/\/schema.org","@graph":[{"@type":"WebPage","@id":"https:\/\/balixiralgerie.com\/product\/pack-de-soin-facial-et-anti-acne\/","url":"https:\/\/balixiralgerie.com\/product\/pack-de-soin-facial-et-anti-acne\/","name":"pack Anti-imperfection -","isPartOf":{"@id":"https:\/\/balixiralgerie.com\/#website"},"primaryImageOfPage":{"@id":"https:\/\/balixiralgerie.com\/product\/pack-de-soin-facial-et-anti-acne\/#primaryimage"},"image":{"@id":"https:\/\/balixiralgerie.com\/product\/pack-de-soin-facial-et-anti-acne\/#primaryimage"},"thumbnailUrl":"https:\/\/i0.wp.com\/balixiralgerie.com\/wp-content\/uploads\/2023\/12\/img_4537.png?fit=1080%2C1350&ssl=1","datePublished":"2023-12-22T02:39:45+00:00","dateModified":"2026-03-27T15:41:19+00:00","breadcrumb":{"@id":"https:\/\/balixiralgerie.com\/product\/pack-de-soin-facial-et-anti-acne\/#breadcrumb"},"inLanguage":"en-US","potentialAction":[{"@type":"ReadAction","target":["https:\/\/balixiralgerie.com\/product\/pack-de-soin-facial-et-anti-acne\/"]}]},{"@type":"ImageObject","inLanguage":"en-US","@id":"https:\/\/balixiralgerie.com\/product\/pack-de-soin-facial-et-anti-acne\/#primaryimage","url":"https:\/\/i0.wp.com\/balixiralgerie.com\/wp-content\/uploads\/2023\/12\/img_4537.png?fit=1080%2C1350&ssl=1","contentUrl":"https:\/\/i0.wp.com\/balixiralgerie.com\/wp-content\/uploads\/2023\/12\/img_4537.png?fit=1080%2C1350&ssl=1","width":1080,"height":1350},{"@type":"BreadcrumbList","@id":"https:\/\/balixiralgerie.com\/product\/pack-de-soin-facial-et-anti-acne\/#breadcrumb","itemListElement":[{"@type":"ListItem","position":1,"name":"Home","item":"https:\/\/balixiralgerie.com\/"},{"@type":"ListItem","position":2,"name":"Nos produits","item":"https:\/\/balixiralgerie.com\/shop\/"},{"@type":"ListItem","position":3,"name":"pack Anti-imperfection"}]},{"@type":"WebSite","@id":"https:\/\/balixiralgerie.com\/#website","url":"https:\/\/balixiralgerie.com\/","name":"","description":"","potentialAction":[{"@type":"SearchAction","target":{"@type":"EntryPoint","urlTemplate":"https:\/\/balixiralgerie.com\/?s={search_term_string}"},"query-input":{"@type":"PropertyValueSpecification","valueRequired":true,"valueName":"search_term_string"}}],"inLanguage":"en-US"}]}},"uagb_featured_image_src":{"full":["https:\/\/i0.wp.com\/balixiralgerie.com\/wp-content\/uploads\/2023\/12\/img_4537.png?fit=1080%2C1350&ssl=1",1080,1350,false],"thumbnail":["https:\/\/i0.wp.com\/balixiralgerie.com\/wp-content\/uploads\/2023\/12\/img_4537.png?resize=150%2C150&ssl=1",150,150,true],"medium":["https:\/\/i0.wp.com\/balixiralgerie.com\/wp-content\/uploads\/2023\/12\/img_4537.png?fit=240%2C300&ssl=1",240,300,true],"medium_large":["https:\/\/i0.wp.com\/balixiralgerie.com\/wp-content\/uploads\/2023\/12\/img_4537.png?fit=768%2C960&ssl=1",768,960,true],"large":["https:\/\/i0.wp.com\/balixiralgerie.com\/wp-content\/uploads\/2023\/12\/img_4537.png?fit=819%2C1024&ssl=1",819,1024,true],"1536x1536":["https:\/\/i0.wp.com\/balixiralgerie.com\/wp-content\/uploads\/2023\/12\/img_4537.png?fit=1080%2C1350&ssl=1",1080,1350,true],"2048x2048":["https:\/\/i0.wp.com\/balixiralgerie.com\/wp-content\/uploads\/2023\/12\/img_4537.png?fit=1080%2C1350&ssl=1",1080,1350,true],"trp-custom-language-flag":["https:\/\/i0.wp.com\/balixiralgerie.com\/wp-content\/uploads\/2023\/12\/img_4537.png?fit=10%2C12&ssl=1",10,12,true],"woocommerce_thumbnail":["https:\/\/balixiralgerie.com\/wp-content\/uploads\/2023\/12\/img_4537-800x1000.png",800,1000,true],"woocommerce_single":["https:\/\/balixiralgerie.com\/wp-content\/uploads\/2023\/12\/img_4537.png",600,750,false],"woocommerce_gallery_thumbnail":["https:\/\/balixiralgerie.com\/wp-content\/uploads\/2023\/12\/img_4537-100x100.png",100,100,true],"form-edit-image-preview":["https:\/\/balixiralgerie.com\/wp-content\/uploads\/2023\/12\/img_4537-93x116.png",93,116,true]},"uagb_author_info":{"display_name":"balixiralgerie","author_link":"https:\/\/balixiralgerie.com\/en\/author\/"},"uagb_comment_info":0,"uagb_excerpt":"Ce pack contient 3 produits puissants pour la peau a effet anti acn\u00e9 et anti imperfection, vous aidera \u00e0 am\u00e9liorer l\u2019apparence de l\u2019acn\u00e9 et \u00e0 contr\u00f4ler l\u2019apparition de nouveaux signes gr\u00e2ce \u00e0 ses puissantes technologies naturelles et respectueuses de la peau. Dites bye-bye \u00e0 l\u2019acn\u00e9 et aux imperfections !","jetpack_sharing_enabled":true,"_links":{"self":[{"href":"https:\/\/balixiralgerie.com\/en\/wp-json\/wp\/v2\/product\/683","targetHints":{"allow":["GET"]}}],"collection":[{"href":"https:\/\/balixiralgerie.com\/en\/wp-json\/wp\/v2\/product"}],"about":[{"href":"https:\/\/balixiralgerie.com\/en\/wp-json\/wp\/v2\/types\/product"}],"version-history":[{"count":5,"href":"https:\/\/balixiralgerie.com\/en\/wp-json\/wp\/v2\/product\/683\/revisions"}],"predecessor-version":[{"id":1671,"href":"https:\/\/balixiralgerie.com\/en\/wp-json\/wp\/v2\/product\/683\/revisions\/1671"}],"wp:featuredmedia":[{"embeddable":true,"href":"https:\/\/balixiralgerie.com\/en\/wp-json\/wp\/v2\/media\/1670"}],"wp:attachment":[{"href":"https:\/\/balixiralgerie.com\/en\/wp-json\/wp\/v2\/media?parent=683"}],"wp:term":[{"taxonomy":"product_brand","embeddable":true,"href":"https:\/\/balixiralgerie.com\/en\/wp-json\/wp\/v2\/product_brand?post=683"},{"taxonomy":"product_cat","embeddable":true,"href":"https:\/\/balixiralgerie.com\/en\/wp-json\/wp\/v2\/product_cat?post=683"},{"taxonomy":"product_tag","embeddable":true,"href":"https:\/\/balixiralgerie.com\/en\/wp-json\/wp\/v2\/product_tag?post=683"}],"curies":[{"name":"wp","href":"https:\/\/api.w.org\/{rel}","templated":true}]}}