{"id":1659,"date":"2026-01-20T22:33:39","date_gmt":"2026-01-20T22:33:39","guid":{"rendered":"https:\/\/balixiralgerie.com\/?post_type=product&#038;p=1659"},"modified":"2026-03-27T15:39:59","modified_gmt":"2026-03-27T15:39:59","slug":"pack-anti-acne","status":"publish","type":"product","link":"https:\/\/balixiralgerie.com\/en\/product\/pack-anti-acne\/","title":{"rendered":"Pack Anti acn\u00e9"},"content":{"rendered":"<p data-start=\"394\" data-end=\"535\">Ce <strong data-start=\"397\" data-end=\"423\">Pack Anti-Acn\u00e9 <\/strong>\u00a0associe deux soins compl\u00e9mentaires aux actifs soigneusement s\u00e9lectionn\u00e9s pour leur douceur et leur performance.<\/p>\n<h3 data-start=\"537\" data-end=\"578\">\u2726 S\u00e9rum Anti-Acn\u00e9 Haute Performance<\/h3>\n<p data-start=\"579\" data-end=\"834\">Concentr\u00e9 en actifs purifiants d\u2019origine naturelle, ce s\u00e9rum aide \u00e0 <strong data-start=\"647\" data-end=\"665\">eliminer l\u2019acn\u00e9<\/strong>, limiter l\u2019apparition des boutons et apaiser la peau. Sa texture soyeuse p\u00e9n\u00e8tre rapidement, laissant la peau confortable, sans effet gras et visiblement plus uniforme.<\/p>\n<h3 data-start=\"836\" data-end=\"884\">\u2726 Gel Nettoyant Purifiant \u00e0 la Niacinamide<\/h3>\n<p data-start=\"885\" data-end=\"1213\">Formul\u00e9 \u00e0 <strong data-start=\"895\" data-end=\"937\">97 % d\u2019ingr\u00e9dients d\u2019origine naturelle<\/strong>, ce gel nettoyant nettoie la peau en douceur, \u00e9limine l\u2019exc\u00e8s de s\u00e9bum et aide \u00e0 <strong data-start=\"1019\" data-end=\"1038\">pr\u00e9venir l\u2019acn\u00e9<\/strong>. Enrichi en <strong data-start=\"1051\" data-end=\"1066\">niacinamide<\/strong>, il contribue \u00e0 affiner le grain de peau, resserrer les pores et renforcer la barri\u00e8re cutan\u00e9e, tout en respectant l\u2019\u00e9quilibre naturel de la peau.<\/p>\n<h3 data-start=\"1215\" data-end=\"1236\"><strong data-start=\"1219\" data-end=\"1236\">Les b\u00e9n\u00e9fices<\/strong><\/h3>\n<ul data-start=\"1237\" data-end=\"1414\">\n<li data-start=\"1237\" data-end=\"1280\">\n<p data-start=\"1239\" data-end=\"1280\">Peau purifi\u00e9e et visiblement plus saine<\/p>\n<\/li>\n<li data-start=\"1281\" data-end=\"1317\">\n<p data-start=\"1283\" data-end=\"1317\">Acn\u00e9 att\u00e9nu\u00e9e et mieux contr\u00f4l\u00e9e<\/p>\n<\/li>\n<li data-start=\"1318\" data-end=\"1365\">\n<p data-start=\"1320\" data-end=\"1365\">Grain de peau affin\u00e9 et teint plus uniforme<\/p>\n<\/li>\n<li data-start=\"1366\" data-end=\"1414\">\n<p data-start=\"1368\" data-end=\"1414\">Sensation de fra\u00eecheur et de confort durable<\/p>\n<\/li>\n<\/ul>\n<h3 data-start=\"1416\" data-end=\"1449\"><strong data-start=\"1420\" data-end=\"1449\">Convient parfaitement aux<\/strong><\/h3>\n<p data-start=\"1450\" data-end=\"1559\">\u2714 Peaux grasses et mixtes sujettes \u00e0 l\u2019acn\u00e9<br data-start=\"1493\" data-end=\"1496\" \/>\u2714 Peaux sensibles recherchant des soins naturels et efficaces<\/p>","protected":false},"excerpt":{"rendered":"<p>Une routine experte \u00e0 <strong data-start=\"168\" data-end=\"210\" data-is-only-node=\"\">97 % d\u2019ingr\u00e9dients d\u2019origine naturelle<\/strong>, associant un s\u00e9rum anti-acn\u00e9 cibl\u00e9 et un gel nettoyant \u00e0 la <strong data-start=\"272\" data-end=\"287\">niacinamide<\/strong> pour traiter le <strong data-start=\"304\" data-end=\"323\">probl\u00e8me d\u2019acn\u00e9<\/strong>, purifier la peau et retrouver un teint net, \u00e9quilibr\u00e9 et lumineux.<\/p>","protected":false},"featured_media":1666,"template":"","meta":{"nf_dc_page":"","om_disable_all_campaigns":false,"_uag_custom_page_level_css":"","site-sidebar-layout":"default","site-content-layout":"","ast-site-content-layout":"default","site-content-style":"default","site-sidebar-style":"default","ast-global-header-display":"","ast-banner-title-visibility":"","ast-main-header-display":"","ast-hfb-above-header-display":"","ast-hfb-below-header-display":"","ast-hfb-mobile-header-display":"","site-post-title":"","ast-breadcrumbs-content":"","ast-featured-img":"","footer-sml-layout":"","ast-disable-related-posts":"","theme-transparent-header-meta":"default","adv-header-id-meta":"","stick-header-meta":"","header-above-stick-meta":"","header-main-stick-meta":"","header-below-stick-meta":"","astra-migrate-meta-layouts":"set","ast-page-background-enabled":"default","ast-page-background-meta":{"desktop":{"background-color":"var(--ast-global-color-4)","background-image":"","background-repeat":"repeat","background-position":"center center","background-size":"auto","background-attachment":"scroll","background-type":"","background-media":"","overlay-type":"","overlay-color":"","overlay-opacity":"","overlay-gradient":""},"tablet":{"background-color":"","background-image":"","background-repeat":"repeat","background-position":"center center","background-size":"auto","background-attachment":"scroll","background-type":"","background-media":"","overlay-type":"","overlay-color":"","overlay-opacity":"","overlay-gradient":""},"mobile":{"background-color":"","background-image":"","background-repeat":"repeat","background-position":"center center","background-size":"auto","background-attachment":"scroll","background-type":"","background-media":"","overlay-type":"","overlay-color":"","overlay-opacity":"","overlay-gradient":""}},"ast-content-background-meta":{"desktop":{"background-color":"var(--ast-global-color-5)","background-image":"","background-repeat":"repeat","background-position":"center center","background-size":"auto","background-attachment":"scroll","background-type":"","background-media":"","overlay-type":"","overlay-color":"","overlay-opacity":"","overlay-gradient":""},"tablet":{"background-color":"var(--ast-global-color-5)","background-image":"","background-repeat":"repeat","background-position":"center center","background-size":"auto","background-attachment":"scroll","background-type":"","background-media":"","overlay-type":"","overlay-color":"","overlay-opacity":"","overlay-gradient":""},"mobile":{"background-color":"var(--ast-global-color-5)","background-image":"","background-repeat":"repeat","background-position":"center center","background-size":"auto","background-attachment":"scroll","background-type":"","background-media":"","overlay-type":"","overlay-color":"","overlay-opacity":"","overlay-gradient":""}}},"product_brand":[],"product_cat":[26],"product_tag":[],"class_list":{"0":"post-1659","1":"product","2":"type-product","3":"status-publish","4":"has-post-thumbnail","6":"product_cat-soins-facial-2","7":"desktop-align-left","8":"tablet-align-left","9":"mobile-align-center","11":"first","12":"instock","13":"sale","14":"shipping-taxable","15":"purchasable","16":"product-type-simple"},"yoast_head":"<!-- This site is optimized with the Yoast SEO plugin v27.5 - https:\/\/yoast.com\/product\/yoast-seo-wordpress\/ -->\n<title>Pack Anti acn\u00e9 -<\/title>\n<meta name=\"robots\" content=\"index, follow, max-snippet:-1, max-image-preview:large, max-video-preview:-1\" \/>\n<link rel=\"canonical\" href=\"https:\/\/balixiralgerie.com\/en\/product\/pack-anti-acne\/\" \/>\n<meta property=\"og:locale\" content=\"en_US\" \/>\n<meta property=\"og:type\" content=\"article\" \/>\n<meta property=\"og:title\" content=\"Pack Anti acn\u00e9 -\" \/>\n<meta property=\"og:description\" content=\"Une routine experte \u00e0 97 % d\u2019ingr\u00e9dients d\u2019origine naturelle, associant un s\u00e9rum anti-acn\u00e9 cibl\u00e9 et un gel nettoyant \u00e0 la niacinamide pour traiter le probl\u00e8me d\u2019acn\u00e9, purifier la peau et retrouver un teint net, \u00e9quilibr\u00e9 et lumineux.\" \/>\n<meta property=\"og:url\" content=\"https:\/\/balixiralgerie.com\/en\/product\/pack-anti-acne\/\" \/>\n<meta property=\"article:modified_time\" content=\"2026-03-27T15:39:59+00:00\" \/>\n<meta property=\"og:image\" content=\"https:\/\/i0.wp.com\/balixiralgerie.com\/wp-content\/uploads\/2026\/01\/img_4536.png?fit=1080%2C1350&ssl=1\" \/>\n\t<meta property=\"og:image:width\" content=\"1080\" \/>\n\t<meta property=\"og:image:height\" content=\"1350\" \/>\n\t<meta property=\"og:image:type\" content=\"image\/png\" \/>\n<meta name=\"twitter:card\" content=\"summary_large_image\" \/>\n<meta name=\"twitter:label1\" content=\"Est. reading time\" \/>\n\t<meta name=\"twitter:data1\" content=\"1 minute\" \/>\n<script type=\"application\/ld+json\" class=\"yoast-schema-graph\">{\"@context\":\"https:\\\/\\\/schema.org\",\"@graph\":[{\"@type\":\"WebPage\",\"@id\":\"https:\\\/\\\/balixiralgerie.com\\\/product\\\/pack-anti-acne\\\/\",\"url\":\"https:\\\/\\\/balixiralgerie.com\\\/product\\\/pack-anti-acne\\\/\",\"name\":\"Pack Anti acn\u00e9 -\",\"isPartOf\":{\"@id\":\"https:\\\/\\\/balixiralgerie.com\\\/#website\"},\"primaryImageOfPage\":{\"@id\":\"https:\\\/\\\/balixiralgerie.com\\\/product\\\/pack-anti-acne\\\/#primaryimage\"},\"image\":{\"@id\":\"https:\\\/\\\/balixiralgerie.com\\\/product\\\/pack-anti-acne\\\/#primaryimage\"},\"thumbnailUrl\":\"https:\\\/\\\/i0.wp.com\\\/balixiralgerie.com\\\/wp-content\\\/uploads\\\/2026\\\/01\\\/img_4536.png?fit=1080%2C1350&ssl=1\",\"datePublished\":\"2026-01-20T22:33:39+00:00\",\"dateModified\":\"2026-03-27T15:39:59+00:00\",\"breadcrumb\":{\"@id\":\"https:\\\/\\\/balixiralgerie.com\\\/product\\\/pack-anti-acne\\\/#breadcrumb\"},\"inLanguage\":\"en-US\",\"potentialAction\":[{\"@type\":\"ReadAction\",\"target\":[\"https:\\\/\\\/balixiralgerie.com\\\/product\\\/pack-anti-acne\\\/\"]}]},{\"@type\":\"ImageObject\",\"inLanguage\":\"en-US\",\"@id\":\"https:\\\/\\\/balixiralgerie.com\\\/product\\\/pack-anti-acne\\\/#primaryimage\",\"url\":\"https:\\\/\\\/i0.wp.com\\\/balixiralgerie.com\\\/wp-content\\\/uploads\\\/2026\\\/01\\\/img_4536.png?fit=1080%2C1350&ssl=1\",\"contentUrl\":\"https:\\\/\\\/i0.wp.com\\\/balixiralgerie.com\\\/wp-content\\\/uploads\\\/2026\\\/01\\\/img_4536.png?fit=1080%2C1350&ssl=1\",\"width\":1080,\"height\":1350},{\"@type\":\"BreadcrumbList\",\"@id\":\"https:\\\/\\\/balixiralgerie.com\\\/product\\\/pack-anti-acne\\\/#breadcrumb\",\"itemListElement\":[{\"@type\":\"ListItem\",\"position\":1,\"name\":\"Home\",\"item\":\"https:\\\/\\\/balixiralgerie.com\\\/\"},{\"@type\":\"ListItem\",\"position\":2,\"name\":\"Nos produits\",\"item\":\"https:\\\/\\\/balixiralgerie.com\\\/shop\\\/\"},{\"@type\":\"ListItem\",\"position\":3,\"name\":\"Pack Anti acn\u00e9\"}]},{\"@type\":\"WebSite\",\"@id\":\"https:\\\/\\\/balixiralgerie.com\\\/#website\",\"url\":\"https:\\\/\\\/balixiralgerie.com\\\/\",\"name\":\"\",\"description\":\"\",\"potentialAction\":[{\"@type\":\"SearchAction\",\"target\":{\"@type\":\"EntryPoint\",\"urlTemplate\":\"https:\\\/\\\/balixiralgerie.com\\\/?s={search_term_string}\"},\"query-input\":{\"@type\":\"PropertyValueSpecification\",\"valueRequired\":true,\"valueName\":\"search_term_string\"}}],\"inLanguage\":\"en-US\"}]}<\/script>\n<!-- \/ Yoast SEO plugin. -->","yoast_head_json":{"title":"Pack Anti acn\u00e9 -","robots":{"index":"index","follow":"follow","max-snippet":"max-snippet:-1","max-image-preview":"max-image-preview:large","max-video-preview":"max-video-preview:-1"},"canonical":"https:\/\/balixiralgerie.com\/en\/product\/pack-anti-acne\/","og_locale":"en_US","og_type":"article","og_title":"Pack Anti acn\u00e9 -","og_description":"Une routine experte \u00e0 97 % d\u2019ingr\u00e9dients d\u2019origine naturelle, associant un s\u00e9rum anti-acn\u00e9 cibl\u00e9 et un gel nettoyant \u00e0 la niacinamide pour traiter le probl\u00e8me d\u2019acn\u00e9, purifier la peau et retrouver un teint net, \u00e9quilibr\u00e9 et lumineux.","og_url":"https:\/\/balixiralgerie.com\/en\/product\/pack-anti-acne\/","article_modified_time":"2026-03-27T15:39:59+00:00","og_image":[{"width":1080,"height":1350,"url":"https:\/\/i0.wp.com\/balixiralgerie.com\/wp-content\/uploads\/2026\/01\/img_4536.png?fit=1080%2C1350&ssl=1","type":"image\/png"}],"twitter_card":"summary_large_image","twitter_misc":{"Est. reading time":"1 minute"},"schema":{"@context":"https:\/\/schema.org","@graph":[{"@type":"WebPage","@id":"https:\/\/balixiralgerie.com\/product\/pack-anti-acne\/","url":"https:\/\/balixiralgerie.com\/product\/pack-anti-acne\/","name":"Pack Anti acn\u00e9 -","isPartOf":{"@id":"https:\/\/balixiralgerie.com\/#website"},"primaryImageOfPage":{"@id":"https:\/\/balixiralgerie.com\/product\/pack-anti-acne\/#primaryimage"},"image":{"@id":"https:\/\/balixiralgerie.com\/product\/pack-anti-acne\/#primaryimage"},"thumbnailUrl":"https:\/\/i0.wp.com\/balixiralgerie.com\/wp-content\/uploads\/2026\/01\/img_4536.png?fit=1080%2C1350&ssl=1","datePublished":"2026-01-20T22:33:39+00:00","dateModified":"2026-03-27T15:39:59+00:00","breadcrumb":{"@id":"https:\/\/balixiralgerie.com\/product\/pack-anti-acne\/#breadcrumb"},"inLanguage":"en-US","potentialAction":[{"@type":"ReadAction","target":["https:\/\/balixiralgerie.com\/product\/pack-anti-acne\/"]}]},{"@type":"ImageObject","inLanguage":"en-US","@id":"https:\/\/balixiralgerie.com\/product\/pack-anti-acne\/#primaryimage","url":"https:\/\/i0.wp.com\/balixiralgerie.com\/wp-content\/uploads\/2026\/01\/img_4536.png?fit=1080%2C1350&ssl=1","contentUrl":"https:\/\/i0.wp.com\/balixiralgerie.com\/wp-content\/uploads\/2026\/01\/img_4536.png?fit=1080%2C1350&ssl=1","width":1080,"height":1350},{"@type":"BreadcrumbList","@id":"https:\/\/balixiralgerie.com\/product\/pack-anti-acne\/#breadcrumb","itemListElement":[{"@type":"ListItem","position":1,"name":"Home","item":"https:\/\/balixiralgerie.com\/"},{"@type":"ListItem","position":2,"name":"Nos produits","item":"https:\/\/balixiralgerie.com\/shop\/"},{"@type":"ListItem","position":3,"name":"Pack Anti acn\u00e9"}]},{"@type":"WebSite","@id":"https:\/\/balixiralgerie.com\/#website","url":"https:\/\/balixiralgerie.com\/","name":"","description":"","potentialAction":[{"@type":"SearchAction","target":{"@type":"EntryPoint","urlTemplate":"https:\/\/balixiralgerie.com\/?s={search_term_string}"},"query-input":{"@type":"PropertyValueSpecification","valueRequired":true,"valueName":"search_term_string"}}],"inLanguage":"en-US"}]}},"uagb_featured_image_src":{"full":["https:\/\/i0.wp.com\/balixiralgerie.com\/wp-content\/uploads\/2026\/01\/img_4536.png?fit=1080%2C1350&ssl=1",1080,1350,false],"thumbnail":["https:\/\/i0.wp.com\/balixiralgerie.com\/wp-content\/uploads\/2026\/01\/img_4536.png?resize=150%2C150&ssl=1",150,150,true],"medium":["https:\/\/i0.wp.com\/balixiralgerie.com\/wp-content\/uploads\/2026\/01\/img_4536.png?fit=240%2C300&ssl=1",240,300,true],"medium_large":["https:\/\/i0.wp.com\/balixiralgerie.com\/wp-content\/uploads\/2026\/01\/img_4536.png?fit=768%2C960&ssl=1",768,960,true],"large":["https:\/\/i0.wp.com\/balixiralgerie.com\/wp-content\/uploads\/2026\/01\/img_4536.png?fit=819%2C1024&ssl=1",819,1024,true],"1536x1536":["https:\/\/i0.wp.com\/balixiralgerie.com\/wp-content\/uploads\/2026\/01\/img_4536.png?fit=1080%2C1350&ssl=1",1080,1350,true],"2048x2048":["https:\/\/i0.wp.com\/balixiralgerie.com\/wp-content\/uploads\/2026\/01\/img_4536.png?fit=1080%2C1350&ssl=1",1080,1350,true],"trp-custom-language-flag":["https:\/\/i0.wp.com\/balixiralgerie.com\/wp-content\/uploads\/2026\/01\/img_4536.png?fit=10%2C12&ssl=1",10,12,true],"woocommerce_thumbnail":["https:\/\/balixiralgerie.com\/wp-content\/uploads\/2026\/01\/img_4536-800x1000.png",800,1000,true],"woocommerce_single":["https:\/\/balixiralgerie.com\/wp-content\/uploads\/2026\/01\/img_4536.png",600,750,false],"woocommerce_gallery_thumbnail":["https:\/\/balixiralgerie.com\/wp-content\/uploads\/2026\/01\/img_4536-100x100.png",100,100,true],"form-edit-image-preview":["https:\/\/balixiralgerie.com\/wp-content\/uploads\/2026\/01\/img_4536-93x116.png",93,116,true]},"uagb_author_info":{"display_name":"balixiralgerie","author_link":"https:\/\/balixiralgerie.com\/en\/author\/"},"uagb_comment_info":0,"uagb_excerpt":"Une routine experte \u00e0 97 % d\u2019ingr\u00e9dients d\u2019origine naturelle, associant un s\u00e9rum anti-acn\u00e9 cibl\u00e9 et un gel nettoyant \u00e0 la niacinamide pour traiter le probl\u00e8me d\u2019acn\u00e9, purifier la peau et retrouver un teint net, \u00e9quilibr\u00e9 et lumineux.","jetpack_sharing_enabled":true,"_links":{"self":[{"href":"https:\/\/balixiralgerie.com\/en\/wp-json\/wp\/v2\/product\/1659","targetHints":{"allow":["GET"]}}],"collection":[{"href":"https:\/\/balixiralgerie.com\/en\/wp-json\/wp\/v2\/product"}],"about":[{"href":"https:\/\/balixiralgerie.com\/en\/wp-json\/wp\/v2\/types\/product"}],"version-history":[{"count":2,"href":"https:\/\/balixiralgerie.com\/en\/wp-json\/wp\/v2\/product\/1659\/revisions"}],"predecessor-version":[{"id":1672,"href":"https:\/\/balixiralgerie.com\/en\/wp-json\/wp\/v2\/product\/1659\/revisions\/1672"}],"wp:featuredmedia":[{"embeddable":true,"href":"https:\/\/balixiralgerie.com\/en\/wp-json\/wp\/v2\/media\/1666"}],"wp:attachment":[{"href":"https:\/\/balixiralgerie.com\/en\/wp-json\/wp\/v2\/media?parent=1659"}],"wp:term":[{"taxonomy":"product_brand","embeddable":true,"href":"https:\/\/balixiralgerie.com\/en\/wp-json\/wp\/v2\/product_brand?post=1659"},{"taxonomy":"product_cat","embeddable":true,"href":"https:\/\/balixiralgerie.com\/en\/wp-json\/wp\/v2\/product_cat?post=1659"},{"taxonomy":"product_tag","embeddable":true,"href":"https:\/\/balixiralgerie.com\/en\/wp-json\/wp\/v2\/product_tag?post=1659"}],"curies":[{"name":"wp","href":"https:\/\/api.w.org\/{rel}","templated":true}]}}