{"id":1649,"date":"2026-01-19T04:27:46","date_gmt":"2026-01-19T04:27:46","guid":{"rendered":"https:\/\/balixiralgerie.com\/?post_type=product&#038;p=1649"},"modified":"2026-03-27T15:37:47","modified_gmt":"2026-03-27T15:37:47","slug":"gel-nettoyant-cleansing-gel","status":"publish","type":"product","link":"https:\/\/balixiralgerie.com\/en\/product\/gel-nettoyant-cleansing-gel\/","title":{"rendered":"Gel nettoyant \u00e0 la niacinamide &#8211; Cleansing gel"},"content":{"rendered":"<p data-start=\"239\" data-end=\"524\">Le <strong data-start=\"242\" data-end=\"276\">Gel Nettoyant \u00e0 la Niacinamide<\/strong> nettoie la peau en douceur tout en respectant son \u00e9quilibre naturel. Enrichi en niacinamide, reconnu pour ses propri\u00e9t\u00e9s apaisantes et r\u00e9gulatrices, il aide \u00e0 purifier la peau, r\u00e9duire l\u2019exc\u00e8s de s\u00e9bum et am\u00e9liorer visiblement la texture du teint.<\/p>\n<p data-start=\"526\" data-end=\"668\">Sa formule douce \u00e9limine efficacement les impuret\u00e9s et les r\u00e9sidus de maquillage sans dess\u00e9cher, laissant la peau fra\u00eeche, nette et lumineuse.<\/p>\n<h4 data-start=\"670\" data-end=\"694\"><strong data-start=\"675\" data-end=\"694\">Les bienfaits :<\/strong><\/h4>\n<p data-start=\"695\" data-end=\"827\">\u2714 Nettoie et purifie en douceur<br data-start=\"726\" data-end=\"729\" \/>\u2714 Aide \u00e0 r\u00e9guler le s\u00e9bum<br data-start=\"754\" data-end=\"757\" \/>\u2714 Apaise et renforce la barri\u00e8re cutan\u00e9e<br data-start=\"797\" data-end=\"800\" \/>\u2714 Affine le grain de peau<\/p>\n<h4 data-start=\"829\" data-end=\"850\"><strong data-start=\"834\" data-end=\"850\">Id\u00e9al pour :<\/strong><\/h4>\n<ul data-start=\"851\" data-end=\"928\">\n<li data-start=\"851\" data-end=\"873\">\n<p data-start=\"853\" data-end=\"873\">Tous types de peau<\/p>\n<\/li>\n<li data-start=\"874\" data-end=\"900\">\n<p data-start=\"876\" data-end=\"900\">Homme et femmes<\/p>\n<\/li>\n<li data-start=\"901\" data-end=\"928\">\n<p data-start=\"903\" data-end=\"928\">Utilisation quotidienne<\/p>\n<\/li>\n<\/ul>","protected":false},"excerpt":{"rendered":"<p>Gel nettoyant doux formul\u00e9 \u00e0 base d\u2019<strong data-start=\"76\" data-end=\"111\">ingr\u00e9dients d\u2019origine naturelle<\/strong>, enrichi en <strong data-start=\"124\" data-end=\"139\">niacinamide<\/strong> pour purifier la peau, r\u00e9guler le s\u00e9bum et respecter l\u2019\u00e9quilibre cutan\u00e9. Il laisse la peau fra\u00eeche, nette et visiblement plus lumineuse.<\/p>","protected":false},"featured_media":1652,"template":"","meta":{"nf_dc_page":"","om_disable_all_campaigns":false,"_uag_custom_page_level_css":"","site-sidebar-layout":"default","site-content-layout":"","ast-site-content-layout":"default","site-content-style":"default","site-sidebar-style":"default","ast-global-header-display":"","ast-banner-title-visibility":"","ast-main-header-display":"","ast-hfb-above-header-display":"","ast-hfb-below-header-display":"","ast-hfb-mobile-header-display":"","site-post-title":"","ast-breadcrumbs-content":"","ast-featured-img":"","footer-sml-layout":"","ast-disable-related-posts":"","theme-transparent-header-meta":"default","adv-header-id-meta":"","stick-header-meta":"","header-above-stick-meta":"","header-main-stick-meta":"","header-below-stick-meta":"","astra-migrate-meta-layouts":"set","ast-page-background-enabled":"default","ast-page-background-meta":{"desktop":{"background-color":"var(--ast-global-color-4)","background-image":"","background-repeat":"repeat","background-position":"center center","background-size":"auto","background-attachment":"scroll","background-type":"","background-media":"","overlay-type":"","overlay-color":"","overlay-opacity":"","overlay-gradient":""},"tablet":{"background-color":"","background-image":"","background-repeat":"repeat","background-position":"center center","background-size":"auto","background-attachment":"scroll","background-type":"","background-media":"","overlay-type":"","overlay-color":"","overlay-opacity":"","overlay-gradient":""},"mobile":{"background-color":"","background-image":"","background-repeat":"repeat","background-position":"center center","background-size":"auto","background-attachment":"scroll","background-type":"","background-media":"","overlay-type":"","overlay-color":"","overlay-opacity":"","overlay-gradient":""}},"ast-content-background-meta":{"desktop":{"background-color":"var(--ast-global-color-5)","background-image":"","background-repeat":"repeat","background-position":"center center","background-size":"auto","background-attachment":"scroll","background-type":"","background-media":"","overlay-type":"","overlay-color":"","overlay-opacity":"","overlay-gradient":""},"tablet":{"background-color":"var(--ast-global-color-5)","background-image":"","background-repeat":"repeat","background-position":"center center","background-size":"auto","background-attachment":"scroll","background-type":"","background-media":"","overlay-type":"","overlay-color":"","overlay-opacity":"","overlay-gradient":""},"mobile":{"background-color":"var(--ast-global-color-5)","background-image":"","background-repeat":"repeat","background-position":"center center","background-size":"auto","background-attachment":"scroll","background-type":"","background-media":"","overlay-type":"","overlay-color":"","overlay-opacity":"","overlay-gradient":""}}},"product_brand":[],"product_cat":[26],"product_tag":[],"class_list":{"0":"post-1649","1":"product","2":"type-product","3":"status-publish","4":"has-post-thumbnail","6":"product_cat-soins-facial-2","7":"desktop-align-left","8":"tablet-align-left","9":"mobile-align-center","11":"first","12":"instock","13":"sale","14":"shipping-taxable","15":"purchasable","16":"product-type-simple"},"yoast_head":"<!-- This site is optimized with the Yoast SEO plugin v27.5 - https:\/\/yoast.com\/product\/yoast-seo-wordpress\/ -->\n<title>Gel nettoyant \u00e0 la niacinamide - Cleansing gel -<\/title>\n<meta name=\"robots\" content=\"index, follow, max-snippet:-1, max-image-preview:large, max-video-preview:-1\" \/>\n<link rel=\"canonical\" href=\"https:\/\/balixiralgerie.com\/en\/product\/gel-nettoyant-cleansing-gel\/\" \/>\n<meta property=\"og:locale\" content=\"en_US\" \/>\n<meta property=\"og:type\" content=\"article\" \/>\n<meta property=\"og:title\" content=\"Gel nettoyant \u00e0 la niacinamide - Cleansing gel -\" \/>\n<meta property=\"og:description\" content=\"Gel nettoyant doux formul\u00e9 \u00e0 base d\u2019ingr\u00e9dients d\u2019origine naturelle, enrichi en niacinamide pour purifier la peau, r\u00e9guler le s\u00e9bum et respecter l\u2019\u00e9quilibre cutan\u00e9. Il laisse la peau fra\u00eeche, nette et visiblement plus lumineuse.\" \/>\n<meta property=\"og:url\" content=\"https:\/\/balixiralgerie.com\/en\/product\/gel-nettoyant-cleansing-gel\/\" \/>\n<meta property=\"article:modified_time\" content=\"2026-03-27T15:37:47+00:00\" \/>\n<meta property=\"og:image\" content=\"https:\/\/i0.wp.com\/balixiralgerie.com\/wp-content\/uploads\/2026\/01\/img_4512.png?fit=1512%2C1512&ssl=1\" \/>\n\t<meta property=\"og:image:width\" content=\"1512\" \/>\n\t<meta property=\"og:image:height\" content=\"1512\" \/>\n\t<meta property=\"og:image:type\" content=\"image\/png\" \/>\n<meta name=\"twitter:card\" content=\"summary_large_image\" \/>\n<meta name=\"twitter:label1\" content=\"Est. reading time\" \/>\n\t<meta name=\"twitter:data1\" content=\"1 minute\" \/>\n<script type=\"application\/ld+json\" class=\"yoast-schema-graph\">{\"@context\":\"https:\\\/\\\/schema.org\",\"@graph\":[{\"@type\":\"WebPage\",\"@id\":\"https:\\\/\\\/balixiralgerie.com\\\/product\\\/gel-nettoyant-cleansing-gel\\\/\",\"url\":\"https:\\\/\\\/balixiralgerie.com\\\/product\\\/gel-nettoyant-cleansing-gel\\\/\",\"name\":\"Gel nettoyant \u00e0 la niacinamide - Cleansing gel -\",\"isPartOf\":{\"@id\":\"https:\\\/\\\/balixiralgerie.com\\\/#website\"},\"primaryImageOfPage\":{\"@id\":\"https:\\\/\\\/balixiralgerie.com\\\/product\\\/gel-nettoyant-cleansing-gel\\\/#primaryimage\"},\"image\":{\"@id\":\"https:\\\/\\\/balixiralgerie.com\\\/product\\\/gel-nettoyant-cleansing-gel\\\/#primaryimage\"},\"thumbnailUrl\":\"https:\\\/\\\/i0.wp.com\\\/balixiralgerie.com\\\/wp-content\\\/uploads\\\/2026\\\/01\\\/img_4512.png?fit=1512%2C1512&ssl=1\",\"datePublished\":\"2026-01-19T04:27:46+00:00\",\"dateModified\":\"2026-03-27T15:37:47+00:00\",\"breadcrumb\":{\"@id\":\"https:\\\/\\\/balixiralgerie.com\\\/product\\\/gel-nettoyant-cleansing-gel\\\/#breadcrumb\"},\"inLanguage\":\"en-US\",\"potentialAction\":[{\"@type\":\"ReadAction\",\"target\":[\"https:\\\/\\\/balixiralgerie.com\\\/product\\\/gel-nettoyant-cleansing-gel\\\/\"]}]},{\"@type\":\"ImageObject\",\"inLanguage\":\"en-US\",\"@id\":\"https:\\\/\\\/balixiralgerie.com\\\/product\\\/gel-nettoyant-cleansing-gel\\\/#primaryimage\",\"url\":\"https:\\\/\\\/i0.wp.com\\\/balixiralgerie.com\\\/wp-content\\\/uploads\\\/2026\\\/01\\\/img_4512.png?fit=1512%2C1512&ssl=1\",\"contentUrl\":\"https:\\\/\\\/i0.wp.com\\\/balixiralgerie.com\\\/wp-content\\\/uploads\\\/2026\\\/01\\\/img_4512.png?fit=1512%2C1512&ssl=1\",\"width\":1512,\"height\":1512},{\"@type\":\"BreadcrumbList\",\"@id\":\"https:\\\/\\\/balixiralgerie.com\\\/product\\\/gel-nettoyant-cleansing-gel\\\/#breadcrumb\",\"itemListElement\":[{\"@type\":\"ListItem\",\"position\":1,\"name\":\"Home\",\"item\":\"https:\\\/\\\/balixiralgerie.com\\\/\"},{\"@type\":\"ListItem\",\"position\":2,\"name\":\"Nos produits\",\"item\":\"https:\\\/\\\/balixiralgerie.com\\\/shop\\\/\"},{\"@type\":\"ListItem\",\"position\":3,\"name\":\"Gel nettoyant \u00e0 la niacinamide &#8211; Cleansing gel\"}]},{\"@type\":\"WebSite\",\"@id\":\"https:\\\/\\\/balixiralgerie.com\\\/#website\",\"url\":\"https:\\\/\\\/balixiralgerie.com\\\/\",\"name\":\"\",\"description\":\"\",\"potentialAction\":[{\"@type\":\"SearchAction\",\"target\":{\"@type\":\"EntryPoint\",\"urlTemplate\":\"https:\\\/\\\/balixiralgerie.com\\\/?s={search_term_string}\"},\"query-input\":{\"@type\":\"PropertyValueSpecification\",\"valueRequired\":true,\"valueName\":\"search_term_string\"}}],\"inLanguage\":\"en-US\"}]}<\/script>\n<!-- \/ Yoast SEO plugin. -->","yoast_head_json":{"title":"Gel nettoyant \u00e0 la niacinamide - Cleansing gel -","robots":{"index":"index","follow":"follow","max-snippet":"max-snippet:-1","max-image-preview":"max-image-preview:large","max-video-preview":"max-video-preview:-1"},"canonical":"https:\/\/balixiralgerie.com\/en\/product\/gel-nettoyant-cleansing-gel\/","og_locale":"en_US","og_type":"article","og_title":"Gel nettoyant \u00e0 la niacinamide - Cleansing gel -","og_description":"Gel nettoyant doux formul\u00e9 \u00e0 base d\u2019ingr\u00e9dients d\u2019origine naturelle, enrichi en niacinamide pour purifier la peau, r\u00e9guler le s\u00e9bum et respecter l\u2019\u00e9quilibre cutan\u00e9. Il laisse la peau fra\u00eeche, nette et visiblement plus lumineuse.","og_url":"https:\/\/balixiralgerie.com\/en\/product\/gel-nettoyant-cleansing-gel\/","article_modified_time":"2026-03-27T15:37:47+00:00","og_image":[{"width":1512,"height":1512,"url":"https:\/\/i0.wp.com\/balixiralgerie.com\/wp-content\/uploads\/2026\/01\/img_4512.png?fit=1512%2C1512&ssl=1","type":"image\/png"}],"twitter_card":"summary_large_image","twitter_misc":{"Est. reading time":"1 minute"},"schema":{"@context":"https:\/\/schema.org","@graph":[{"@type":"WebPage","@id":"https:\/\/balixiralgerie.com\/product\/gel-nettoyant-cleansing-gel\/","url":"https:\/\/balixiralgerie.com\/product\/gel-nettoyant-cleansing-gel\/","name":"Gel nettoyant \u00e0 la niacinamide - Cleansing gel -","isPartOf":{"@id":"https:\/\/balixiralgerie.com\/#website"},"primaryImageOfPage":{"@id":"https:\/\/balixiralgerie.com\/product\/gel-nettoyant-cleansing-gel\/#primaryimage"},"image":{"@id":"https:\/\/balixiralgerie.com\/product\/gel-nettoyant-cleansing-gel\/#primaryimage"},"thumbnailUrl":"https:\/\/i0.wp.com\/balixiralgerie.com\/wp-content\/uploads\/2026\/01\/img_4512.png?fit=1512%2C1512&ssl=1","datePublished":"2026-01-19T04:27:46+00:00","dateModified":"2026-03-27T15:37:47+00:00","breadcrumb":{"@id":"https:\/\/balixiralgerie.com\/product\/gel-nettoyant-cleansing-gel\/#breadcrumb"},"inLanguage":"en-US","potentialAction":[{"@type":"ReadAction","target":["https:\/\/balixiralgerie.com\/product\/gel-nettoyant-cleansing-gel\/"]}]},{"@type":"ImageObject","inLanguage":"en-US","@id":"https:\/\/balixiralgerie.com\/product\/gel-nettoyant-cleansing-gel\/#primaryimage","url":"https:\/\/i0.wp.com\/balixiralgerie.com\/wp-content\/uploads\/2026\/01\/img_4512.png?fit=1512%2C1512&ssl=1","contentUrl":"https:\/\/i0.wp.com\/balixiralgerie.com\/wp-content\/uploads\/2026\/01\/img_4512.png?fit=1512%2C1512&ssl=1","width":1512,"height":1512},{"@type":"BreadcrumbList","@id":"https:\/\/balixiralgerie.com\/product\/gel-nettoyant-cleansing-gel\/#breadcrumb","itemListElement":[{"@type":"ListItem","position":1,"name":"Home","item":"https:\/\/balixiralgerie.com\/"},{"@type":"ListItem","position":2,"name":"Nos produits","item":"https:\/\/balixiralgerie.com\/shop\/"},{"@type":"ListItem","position":3,"name":"Gel nettoyant \u00e0 la niacinamide &#8211; Cleansing gel"}]},{"@type":"WebSite","@id":"https:\/\/balixiralgerie.com\/#website","url":"https:\/\/balixiralgerie.com\/","name":"","description":"","potentialAction":[{"@type":"SearchAction","target":{"@type":"EntryPoint","urlTemplate":"https:\/\/balixiralgerie.com\/?s={search_term_string}"},"query-input":{"@type":"PropertyValueSpecification","valueRequired":true,"valueName":"search_term_string"}}],"inLanguage":"en-US"}]}},"uagb_featured_image_src":{"full":["https:\/\/i0.wp.com\/balixiralgerie.com\/wp-content\/uploads\/2026\/01\/img_4512.png?fit=1512%2C1512&ssl=1",1512,1512,false],"thumbnail":["https:\/\/i0.wp.com\/balixiralgerie.com\/wp-content\/uploads\/2026\/01\/img_4512.png?resize=150%2C150&ssl=1",150,150,true],"medium":["https:\/\/i0.wp.com\/balixiralgerie.com\/wp-content\/uploads\/2026\/01\/img_4512.png?fit=300%2C300&ssl=1",300,300,true],"medium_large":["https:\/\/i0.wp.com\/balixiralgerie.com\/wp-content\/uploads\/2026\/01\/img_4512.png?fit=768%2C768&ssl=1",768,768,true],"large":["https:\/\/i0.wp.com\/balixiralgerie.com\/wp-content\/uploads\/2026\/01\/img_4512.png?fit=1024%2C1024&ssl=1",1024,1024,true],"1536x1536":["https:\/\/i0.wp.com\/balixiralgerie.com\/wp-content\/uploads\/2026\/01\/img_4512.png?fit=1512%2C1512&ssl=1",1512,1512,true],"2048x2048":["https:\/\/i0.wp.com\/balixiralgerie.com\/wp-content\/uploads\/2026\/01\/img_4512.png?fit=1512%2C1512&ssl=1",1512,1512,true],"trp-custom-language-flag":["https:\/\/i0.wp.com\/balixiralgerie.com\/wp-content\/uploads\/2026\/01\/img_4512.png?fit=12%2C12&ssl=1",12,12,true],"woocommerce_thumbnail":["https:\/\/balixiralgerie.com\/wp-content\/uploads\/2026\/01\/img_4512-800x800.png",800,800,true],"woocommerce_single":["https:\/\/balixiralgerie.com\/wp-content\/uploads\/2026\/01\/img_4512.png",600,600,false],"woocommerce_gallery_thumbnail":["https:\/\/balixiralgerie.com\/wp-content\/uploads\/2026\/01\/img_4512-100x100.png",100,100,true],"form-edit-image-preview":["https:\/\/balixiralgerie.com\/wp-content\/uploads\/2026\/01\/img_4512-116x116.png",116,116,true]},"uagb_author_info":{"display_name":"balixiralgerie","author_link":"https:\/\/balixiralgerie.com\/en\/author\/"},"uagb_comment_info":0,"uagb_excerpt":"Gel nettoyant doux formul\u00e9 \u00e0 base d\u2019ingr\u00e9dients d\u2019origine naturelle, enrichi en niacinamide pour purifier la peau, r\u00e9guler le s\u00e9bum et respecter l\u2019\u00e9quilibre cutan\u00e9. Il laisse la peau fra\u00eeche, nette et visiblement plus lumineuse.","jetpack_sharing_enabled":true,"_links":{"self":[{"href":"https:\/\/balixiralgerie.com\/en\/wp-json\/wp\/v2\/product\/1649","targetHints":{"allow":["GET"]}}],"collection":[{"href":"https:\/\/balixiralgerie.com\/en\/wp-json\/wp\/v2\/product"}],"about":[{"href":"https:\/\/balixiralgerie.com\/en\/wp-json\/wp\/v2\/types\/product"}],"version-history":[{"count":2,"href":"https:\/\/balixiralgerie.com\/en\/wp-json\/wp\/v2\/product\/1649\/revisions"}],"predecessor-version":[{"id":1651,"href":"https:\/\/balixiralgerie.com\/en\/wp-json\/wp\/v2\/product\/1649\/revisions\/1651"}],"wp:featuredmedia":[{"embeddable":true,"href":"https:\/\/balixiralgerie.com\/en\/wp-json\/wp\/v2\/media\/1652"}],"wp:attachment":[{"href":"https:\/\/balixiralgerie.com\/en\/wp-json\/wp\/v2\/media?parent=1649"}],"wp:term":[{"taxonomy":"product_brand","embeddable":true,"href":"https:\/\/balixiralgerie.com\/en\/wp-json\/wp\/v2\/product_brand?post=1649"},{"taxonomy":"product_cat","embeddable":true,"href":"https:\/\/balixiralgerie.com\/en\/wp-json\/wp\/v2\/product_cat?post=1649"},{"taxonomy":"product_tag","embeddable":true,"href":"https:\/\/balixiralgerie.com\/en\/wp-json\/wp\/v2\/product_tag?post=1649"}],"curies":[{"name":"wp","href":"https:\/\/api.w.org\/{rel}","templated":true}]}}