{"id":1643,"date":"2026-01-19T04:10:56","date_gmt":"2026-01-19T04:10:56","guid":{"rendered":"https:\/\/balixiralgerie.com\/?post_type=product&#038;p=1643"},"modified":"2026-03-27T15:36:38","modified_gmt":"2026-03-27T15:36:38","slug":"avant-shampooing-hair-defense-pre-shampoo","status":"publish","type":"product","link":"https:\/\/balixiralgerie.com\/en\/product\/avant-shampooing-hair-defense-pre-shampoo\/","title":{"rendered":"Avant shampooing Hair defense pre shampoo"},"content":{"rendered":"<p style=\"text-align: center\" data-start=\"205\" data-end=\"517\">l\u2019<strong data-start=\"253\" data-end=\"283\">Avant-Shampoing Anti-Chute<\/strong> pr\u00e9pare le cuir chevelu et les longueurs \u00e0 recevoir les soins. Formul\u00e9 \u00e0 <strong data-start=\"357\" data-end=\"399\">97 % d\u2019ingr\u00e9dients d\u2019origine naturelle<\/strong>, il nourrit intens\u00e9ment, renforce les racines et aide \u00e0 r\u00e9duire la chute des cheveux d\u00e8s la premi\u00e8re \u00e9tape du rituel.<\/p>\n<p><strong>Ingredients:\u00a0<\/strong><br \/>\nAqua (Water),\u00a0Glycerin, Niacinamide, Panthenol, Zinc, Decaprylyl carbonate. Niacinamide, Propylene glycol, Panthenol, Mentha Piperita Peppermint , Salicylic, \u00a0Rosemary Leaf Oil, Tea Tree Leaf Oil.<\/p>\n<p><strong>\u0627\u0644\u0645\u0643\u0648\u0646\u0627\u062a<\/strong><br \/>\n\u064a\u062d\u062a\u0648\u064a \u0639\u0644\u0649 \u0645\u0643\u0648\u0646\u0627\u062a \u0645\u0631\u0637\u0651\u0650\u0628\u0629 \u0648\u0645\u0647\u062f\u0651\u0650\u0626\u0629 \u0645\u062b\u0644 \u0627\u0644\u062c\u0644\u0633\u0631\u064a\u0646 \u0648\u0627\u0644\u0628\u0627\u0646\u062b\u064a\u0646\u0648\u0644\u060c \u0645\u0639 \u0627\u0644\u0646\u064a\u0627\u0633\u064a\u0646\u0627\u0645\u064a\u062f \u0648\u0627\u0644\u0632\u0646\u0643 \u0644\u062a\u0646\u0638\u064a\u0645 \u0625\u0641\u0631\u0627\u0632 \u0627\u0644\u062f\u0647\u0648\u0646. \u0645\u062f\u0639\u0651\u0645 \u0628\u062d\u0645\u0636 \u0627\u0644\u0633\u0627\u0644\u064a\u0633\u064a\u0644\u064a\u0643 \u0644\u062a\u0646\u0642\u064a\u0629 \u0627\u0644\u0628\u0634\u0631\u0629\u060c \u0628\u0627\u0644\u0625\u0636\u0627\u0641\u0629 \u0625\u0644\u0649 \u0632\u064a\u0648\u062a \u0637\u0628\u064a\u0639\u064a\u0629 \u0645\u062b\u0644 \u0627\u0644\u0646\u0639\u0646\u0627\u0639\u060c \u0627\u0644\u0631\u0648\u0632\u0645\u0627\u0631\u064a\u060c \u0648\u0632\u064a\u062a \u0634\u062c\u0631\u0629 \u0627\u0644\u0634\u0627\u064a \u0644\u0644\u0627\u0646\u062a\u0639\u0627\u0634 \u0648\u0627\u0644\u0645\u0633\u0627\u0639\u062f\u0629 \u0641\u064a \u062a\u0642\u0644\u064a\u0644 \u0627\u0644\u0634\u0648\u0627\u0626\u0628.<\/p>","protected":false},"excerpt":{"rendered":"<p>Soin pr\u00e9parateur d\u2019exception \u00e0 <strong data-start=\"67\" data-end=\"95\">97 % d\u2019origine naturelle<\/strong>, il optimise l\u2019efficacit\u00e9 du shampoing et nourrit le cuir chevelu, renforce les racines et aide \u00e0 freiner la chute des cheveux.<\/p>","protected":false},"featured_media":1669,"template":"","meta":{"nf_dc_page":"","om_disable_all_campaigns":false,"_uag_custom_page_level_css":"","site-sidebar-layout":"default","site-content-layout":"","ast-site-content-layout":"default","site-content-style":"default","site-sidebar-style":"default","ast-global-header-display":"","ast-banner-title-visibility":"","ast-main-header-display":"","ast-hfb-above-header-display":"","ast-hfb-below-header-display":"","ast-hfb-mobile-header-display":"","site-post-title":"","ast-breadcrumbs-content":"","ast-featured-img":"","footer-sml-layout":"","ast-disable-related-posts":"","theme-transparent-header-meta":"default","adv-header-id-meta":"","stick-header-meta":"","header-above-stick-meta":"","header-main-stick-meta":"","header-below-stick-meta":"","astra-migrate-meta-layouts":"set","ast-page-background-enabled":"default","ast-page-background-meta":{"desktop":{"background-color":"var(--ast-global-color-4)","background-image":"","background-repeat":"repeat","background-position":"center center","background-size":"auto","background-attachment":"scroll","background-type":"","background-media":"","overlay-type":"","overlay-color":"","overlay-opacity":"","overlay-gradient":""},"tablet":{"background-color":"","background-image":"","background-repeat":"repeat","background-position":"center center","background-size":"auto","background-attachment":"scroll","background-type":"","background-media":"","overlay-type":"","overlay-color":"","overlay-opacity":"","overlay-gradient":""},"mobile":{"background-color":"","background-image":"","background-repeat":"repeat","background-position":"center center","background-size":"auto","background-attachment":"scroll","background-type":"","background-media":"","overlay-type":"","overlay-color":"","overlay-opacity":"","overlay-gradient":""}},"ast-content-background-meta":{"desktop":{"background-color":"var(--ast-global-color-5)","background-image":"","background-repeat":"repeat","background-position":"center center","background-size":"auto","background-attachment":"scroll","background-type":"","background-media":"","overlay-type":"","overlay-color":"","overlay-opacity":"","overlay-gradient":""},"tablet":{"background-color":"var(--ast-global-color-5)","background-image":"","background-repeat":"repeat","background-position":"center center","background-size":"auto","background-attachment":"scroll","background-type":"","background-media":"","overlay-type":"","overlay-color":"","overlay-opacity":"","overlay-gradient":""},"mobile":{"background-color":"var(--ast-global-color-5)","background-image":"","background-repeat":"repeat","background-position":"center center","background-size":"auto","background-attachment":"scroll","background-type":"","background-media":"","overlay-type":"","overlay-color":"","overlay-opacity":"","overlay-gradient":""}}},"product_brand":[],"product_cat":[27],"product_tag":[],"class_list":{"0":"post-1643","1":"product","2":"type-product","3":"status-publish","4":"has-post-thumbnail","6":"product_cat-soins-cheuveux-2","7":"desktop-align-left","8":"tablet-align-left","9":"mobile-align-center","11":"first","12":"instock","13":"sale","14":"shipping-taxable","15":"purchasable","16":"product-type-simple"},"yoast_head":"<!-- This site is optimized with the Yoast SEO plugin v27.5 - https:\/\/yoast.com\/product\/yoast-seo-wordpress\/ -->\n<title>Avant shampooing Hair defense pre shampoo -<\/title>\n<meta name=\"robots\" content=\"index, follow, max-snippet:-1, max-image-preview:large, max-video-preview:-1\" \/>\n<link rel=\"canonical\" href=\"https:\/\/balixiralgerie.com\/en\/product\/avant-shampooing-hair-defense-pre-shampoo\/\" \/>\n<meta property=\"og:locale\" content=\"en_US\" \/>\n<meta property=\"og:type\" content=\"article\" \/>\n<meta property=\"og:title\" content=\"Avant shampooing Hair defense pre shampoo -\" \/>\n<meta property=\"og:description\" content=\"Soin pr\u00e9parateur d\u2019exception \u00e0 97 % d\u2019origine naturelle, il optimise l\u2019efficacit\u00e9 du shampoing et nourrit le cuir chevelu, renforce les racines et aide \u00e0 freiner la chute des cheveux.\" \/>\n<meta property=\"og:url\" content=\"https:\/\/balixiralgerie.com\/en\/product\/avant-shampooing-hair-defense-pre-shampoo\/\" \/>\n<meta property=\"article:modified_time\" content=\"2026-03-27T15:36:38+00:00\" \/>\n<meta property=\"og:image\" content=\"https:\/\/balixiralgerie.com\/wp-content\/uploads\/2026\/01\/img_4514-3-1024x1024.png\" \/>\n\t<meta property=\"og:image:width\" content=\"1024\" \/>\n\t<meta property=\"og:image:height\" content=\"1024\" \/>\n\t<meta property=\"og:image:type\" content=\"image\/png\" \/>\n<meta name=\"twitter:card\" content=\"summary_large_image\" \/>\n<meta name=\"twitter:label1\" content=\"Est. reading time\" \/>\n\t<meta name=\"twitter:data1\" content=\"1 minute\" \/>\n<script type=\"application\/ld+json\" class=\"yoast-schema-graph\">{\"@context\":\"https:\\\/\\\/schema.org\",\"@graph\":[{\"@type\":\"WebPage\",\"@id\":\"https:\\\/\\\/balixiralgerie.com\\\/product\\\/avant-shampooing-hair-defense-pre-shampoo\\\/\",\"url\":\"https:\\\/\\\/balixiralgerie.com\\\/product\\\/avant-shampooing-hair-defense-pre-shampoo\\\/\",\"name\":\"Avant shampooing Hair defense pre shampoo -\",\"isPartOf\":{\"@id\":\"https:\\\/\\\/balixiralgerie.com\\\/#website\"},\"primaryImageOfPage\":{\"@id\":\"https:\\\/\\\/balixiralgerie.com\\\/product\\\/avant-shampooing-hair-defense-pre-shampoo\\\/#primaryimage\"},\"image\":{\"@id\":\"https:\\\/\\\/balixiralgerie.com\\\/product\\\/avant-shampooing-hair-defense-pre-shampoo\\\/#primaryimage\"},\"thumbnailUrl\":\"https:\\\/\\\/i0.wp.com\\\/balixiralgerie.com\\\/wp-content\\\/uploads\\\/2026\\\/01\\\/img_4514-3.png?fit=2000%2C2000&ssl=1\",\"datePublished\":\"2026-01-19T04:10:56+00:00\",\"dateModified\":\"2026-03-27T15:36:38+00:00\",\"breadcrumb\":{\"@id\":\"https:\\\/\\\/balixiralgerie.com\\\/product\\\/avant-shampooing-hair-defense-pre-shampoo\\\/#breadcrumb\"},\"inLanguage\":\"en-US\",\"potentialAction\":[{\"@type\":\"ReadAction\",\"target\":[\"https:\\\/\\\/balixiralgerie.com\\\/product\\\/avant-shampooing-hair-defense-pre-shampoo\\\/\"]}]},{\"@type\":\"ImageObject\",\"inLanguage\":\"en-US\",\"@id\":\"https:\\\/\\\/balixiralgerie.com\\\/product\\\/avant-shampooing-hair-defense-pre-shampoo\\\/#primaryimage\",\"url\":\"https:\\\/\\\/i0.wp.com\\\/balixiralgerie.com\\\/wp-content\\\/uploads\\\/2026\\\/01\\\/img_4514-3.png?fit=2000%2C2000&ssl=1\",\"contentUrl\":\"https:\\\/\\\/i0.wp.com\\\/balixiralgerie.com\\\/wp-content\\\/uploads\\\/2026\\\/01\\\/img_4514-3.png?fit=2000%2C2000&ssl=1\",\"width\":2000,\"height\":2000},{\"@type\":\"BreadcrumbList\",\"@id\":\"https:\\\/\\\/balixiralgerie.com\\\/product\\\/avant-shampooing-hair-defense-pre-shampoo\\\/#breadcrumb\",\"itemListElement\":[{\"@type\":\"ListItem\",\"position\":1,\"name\":\"Home\",\"item\":\"https:\\\/\\\/balixiralgerie.com\\\/\"},{\"@type\":\"ListItem\",\"position\":2,\"name\":\"Nos produits\",\"item\":\"https:\\\/\\\/balixiralgerie.com\\\/shop\\\/\"},{\"@type\":\"ListItem\",\"position\":3,\"name\":\"Avant shampooing Hair defense pre shampoo\"}]},{\"@type\":\"WebSite\",\"@id\":\"https:\\\/\\\/balixiralgerie.com\\\/#website\",\"url\":\"https:\\\/\\\/balixiralgerie.com\\\/\",\"name\":\"\",\"description\":\"\",\"potentialAction\":[{\"@type\":\"SearchAction\",\"target\":{\"@type\":\"EntryPoint\",\"urlTemplate\":\"https:\\\/\\\/balixiralgerie.com\\\/?s={search_term_string}\"},\"query-input\":{\"@type\":\"PropertyValueSpecification\",\"valueRequired\":true,\"valueName\":\"search_term_string\"}}],\"inLanguage\":\"en-US\"}]}<\/script>\n<!-- \/ Yoast SEO plugin. -->","yoast_head_json":{"title":"Avant shampooing Hair defense pre shampoo -","robots":{"index":"index","follow":"follow","max-snippet":"max-snippet:-1","max-image-preview":"max-image-preview:large","max-video-preview":"max-video-preview:-1"},"canonical":"https:\/\/balixiralgerie.com\/en\/product\/avant-shampooing-hair-defense-pre-shampoo\/","og_locale":"en_US","og_type":"article","og_title":"Avant shampooing Hair defense pre shampoo -","og_description":"Soin pr\u00e9parateur d\u2019exception \u00e0 97 % d\u2019origine naturelle, il optimise l\u2019efficacit\u00e9 du shampoing et nourrit le cuir chevelu, renforce les racines et aide \u00e0 freiner la chute des cheveux.","og_url":"https:\/\/balixiralgerie.com\/en\/product\/avant-shampooing-hair-defense-pre-shampoo\/","article_modified_time":"2026-03-27T15:36:38+00:00","og_image":[{"width":1024,"height":1024,"url":"https:\/\/balixiralgerie.com\/wp-content\/uploads\/2026\/01\/img_4514-3-1024x1024.png","type":"image\/png"}],"twitter_card":"summary_large_image","twitter_misc":{"Est. reading time":"1 minute"},"schema":{"@context":"https:\/\/schema.org","@graph":[{"@type":"WebPage","@id":"https:\/\/balixiralgerie.com\/product\/avant-shampooing-hair-defense-pre-shampoo\/","url":"https:\/\/balixiralgerie.com\/product\/avant-shampooing-hair-defense-pre-shampoo\/","name":"Avant shampooing Hair defense pre shampoo -","isPartOf":{"@id":"https:\/\/balixiralgerie.com\/#website"},"primaryImageOfPage":{"@id":"https:\/\/balixiralgerie.com\/product\/avant-shampooing-hair-defense-pre-shampoo\/#primaryimage"},"image":{"@id":"https:\/\/balixiralgerie.com\/product\/avant-shampooing-hair-defense-pre-shampoo\/#primaryimage"},"thumbnailUrl":"https:\/\/i0.wp.com\/balixiralgerie.com\/wp-content\/uploads\/2026\/01\/img_4514-3.png?fit=2000%2C2000&ssl=1","datePublished":"2026-01-19T04:10:56+00:00","dateModified":"2026-03-27T15:36:38+00:00","breadcrumb":{"@id":"https:\/\/balixiralgerie.com\/product\/avant-shampooing-hair-defense-pre-shampoo\/#breadcrumb"},"inLanguage":"en-US","potentialAction":[{"@type":"ReadAction","target":["https:\/\/balixiralgerie.com\/product\/avant-shampooing-hair-defense-pre-shampoo\/"]}]},{"@type":"ImageObject","inLanguage":"en-US","@id":"https:\/\/balixiralgerie.com\/product\/avant-shampooing-hair-defense-pre-shampoo\/#primaryimage","url":"https:\/\/i0.wp.com\/balixiralgerie.com\/wp-content\/uploads\/2026\/01\/img_4514-3.png?fit=2000%2C2000&ssl=1","contentUrl":"https:\/\/i0.wp.com\/balixiralgerie.com\/wp-content\/uploads\/2026\/01\/img_4514-3.png?fit=2000%2C2000&ssl=1","width":2000,"height":2000},{"@type":"BreadcrumbList","@id":"https:\/\/balixiralgerie.com\/product\/avant-shampooing-hair-defense-pre-shampoo\/#breadcrumb","itemListElement":[{"@type":"ListItem","position":1,"name":"Home","item":"https:\/\/balixiralgerie.com\/"},{"@type":"ListItem","position":2,"name":"Nos produits","item":"https:\/\/balixiralgerie.com\/shop\/"},{"@type":"ListItem","position":3,"name":"Avant shampooing Hair defense pre shampoo"}]},{"@type":"WebSite","@id":"https:\/\/balixiralgerie.com\/#website","url":"https:\/\/balixiralgerie.com\/","name":"","description":"","potentialAction":[{"@type":"SearchAction","target":{"@type":"EntryPoint","urlTemplate":"https:\/\/balixiralgerie.com\/?s={search_term_string}"},"query-input":{"@type":"PropertyValueSpecification","valueRequired":true,"valueName":"search_term_string"}}],"inLanguage":"en-US"}]}},"uagb_featured_image_src":{"full":["https:\/\/i0.wp.com\/balixiralgerie.com\/wp-content\/uploads\/2026\/01\/img_4514-3.png?fit=2000%2C2000&ssl=1",2000,2000,false],"thumbnail":["https:\/\/i0.wp.com\/balixiralgerie.com\/wp-content\/uploads\/2026\/01\/img_4514-3.png?resize=150%2C150&ssl=1",150,150,true],"medium":["https:\/\/i0.wp.com\/balixiralgerie.com\/wp-content\/uploads\/2026\/01\/img_4514-3.png?fit=300%2C300&ssl=1",300,300,true],"medium_large":["https:\/\/i0.wp.com\/balixiralgerie.com\/wp-content\/uploads\/2026\/01\/img_4514-3.png?fit=768%2C768&ssl=1",768,768,true],"large":["https:\/\/i0.wp.com\/balixiralgerie.com\/wp-content\/uploads\/2026\/01\/img_4514-3.png?fit=1024%2C1024&ssl=1",1024,1024,true],"1536x1536":["https:\/\/i0.wp.com\/balixiralgerie.com\/wp-content\/uploads\/2026\/01\/img_4514-3.png?fit=1536%2C1536&ssl=1",1536,1536,true],"2048x2048":["https:\/\/i0.wp.com\/balixiralgerie.com\/wp-content\/uploads\/2026\/01\/img_4514-3.png?fit=2000%2C2000&ssl=1",2000,2000,true],"trp-custom-language-flag":["https:\/\/i0.wp.com\/balixiralgerie.com\/wp-content\/uploads\/2026\/01\/img_4514-3.png?fit=12%2C12&ssl=1",12,12,true],"woocommerce_thumbnail":["https:\/\/balixiralgerie.com\/wp-content\/uploads\/2026\/01\/img_4514-3-800x800.png",800,800,true],"woocommerce_single":["https:\/\/balixiralgerie.com\/wp-content\/uploads\/2026\/01\/img_4514-3.png",600,600,false],"woocommerce_gallery_thumbnail":["https:\/\/balixiralgerie.com\/wp-content\/uploads\/2026\/01\/img_4514-3-100x100.png",100,100,true],"form-edit-image-preview":["https:\/\/balixiralgerie.com\/wp-content\/uploads\/2026\/01\/img_4514-3-116x116.png",116,116,true]},"uagb_author_info":{"display_name":"balixiralgerie","author_link":"https:\/\/balixiralgerie.com\/en\/author\/"},"uagb_comment_info":0,"uagb_excerpt":"Soin pr\u00e9parateur d\u2019exception \u00e0 97 % d\u2019origine naturelle, il optimise l\u2019efficacit\u00e9 du shampoing et nourrit le cuir chevelu, renforce les racines et aide \u00e0 freiner la chute des cheveux.","jetpack_sharing_enabled":true,"_links":{"self":[{"href":"https:\/\/balixiralgerie.com\/en\/wp-json\/wp\/v2\/product\/1643","targetHints":{"allow":["GET"]}}],"collection":[{"href":"https:\/\/balixiralgerie.com\/en\/wp-json\/wp\/v2\/product"}],"about":[{"href":"https:\/\/balixiralgerie.com\/en\/wp-json\/wp\/v2\/types\/product"}],"version-history":[{"count":5,"href":"https:\/\/balixiralgerie.com\/en\/wp-json\/wp\/v2\/product\/1643\/revisions"}],"predecessor-version":[{"id":1837,"href":"https:\/\/balixiralgerie.com\/en\/wp-json\/wp\/v2\/product\/1643\/revisions\/1837"}],"wp:featuredmedia":[{"embeddable":true,"href":"https:\/\/balixiralgerie.com\/en\/wp-json\/wp\/v2\/media\/1669"}],"wp:attachment":[{"href":"https:\/\/balixiralgerie.com\/en\/wp-json\/wp\/v2\/media?parent=1643"}],"wp:term":[{"taxonomy":"product_brand","embeddable":true,"href":"https:\/\/balixiralgerie.com\/en\/wp-json\/wp\/v2\/product_brand?post=1643"},{"taxonomy":"product_cat","embeddable":true,"href":"https:\/\/balixiralgerie.com\/en\/wp-json\/wp\/v2\/product_cat?post=1643"},{"taxonomy":"product_tag","embeddable":true,"href":"https:\/\/balixiralgerie.com\/en\/wp-json\/wp\/v2\/product_tag?post=1643"}],"curies":[{"name":"wp","href":"https:\/\/api.w.org\/{rel}","templated":true}]}}