{"id":147,"date":"2023-10-29T22:59:38","date_gmt":"2023-10-29T22:59:38","guid":{"rendered":"https:\/\/balixiralgerie.com\/?page_id=147"},"modified":"2026-03-30T00:27:42","modified_gmt":"2026-03-30T00:27:42","slug":"a-propos","status":"publish","type":"page","link":"https:\/\/balixiralgerie.com\/en\/a-propos\/","title":{"rendered":"a propos"},"content":{"rendered":"<div data-elementor-type=\"wp-page\" data-elementor-id=\"147\" class=\"elementor elementor-147\">\n\t\t\t\t<div class=\"elementor-element elementor-element-cc3863a e-flex e-con-boxed wpr-particle-no wpr-jarallax-no wpr-parallax-no wpr-sticky-section-no wpr-equal-height-no e-con e-parent\" data-id=\"cc3863a\" data-element_type=\"container\" data-e-type=\"container\" data-settings=\"{&quot;background_background&quot;:&quot;classic&quot;}\">\n\t\t\t\t\t<div class=\"e-con-inner\">\n\t\t<div class=\"elementor-element elementor-element-a40e637 e-con-full e-flex wpr-particle-no wpr-jarallax-no wpr-parallax-no wpr-sticky-section-no wpr-equal-height-no e-con e-child\" data-id=\"a40e637\" data-element_type=\"container\" data-e-type=\"container\">\n\t\t\t\t<div class=\"elementor-element elementor-element-fd1617e elementor-widget elementor-widget-heading\" data-id=\"fd1617e\" data-element_type=\"widget\" data-e-type=\"widget\" data-widget_type=\"heading.default\">\n\t\t\t\t<div class=\"elementor-widget-container\">\n\t\t\t\t\t<h2 class=\"elementor-heading-title elementor-size-default\">Qui sommes-nous ?<\/h2>\t\t\t\t<\/div>\n\t\t\t\t<\/div>\n\t\t\t\t<\/div>\n\t\t\t\t\t<\/div>\n\t\t\t\t<\/div>\n\t\t<div class=\"elementor-element elementor-element-64ad61a e-flex e-con-boxed wpr-particle-no wpr-jarallax-no wpr-parallax-no wpr-sticky-section-no wpr-equal-height-no e-con e-parent\" data-id=\"64ad61a\" data-element_type=\"container\" data-e-type=\"container\">\n\t\t\t\t\t<div class=\"e-con-inner\">\n\t\t\t\t<div class=\"elementor-element elementor-element-4459510 elementor-widget elementor-widget-heading\" data-id=\"4459510\" data-element_type=\"widget\" data-e-type=\"widget\" data-widget_type=\"heading.default\">\n\t\t\t\t<div class=\"elementor-widget-container\">\n\t\t\t\t\t<h2 class=\"elementor-heading-title elementor-size-default\">Nous sommes bien plus qu\u2019une marque. Balixir est la rencontre rare entre la richesse botanique de Bali et l\u2019h\u00e9ritage authentique de l\u2019Alg\u00e9rie, sublim\u00e9e par l\u2019exigence de la science moderne.\nAu c\u0153ur de chaque formule, nous unissons des ingr\u00e9dients naturels d\u2019exception \u00e0 une recherche rigoureuse, pour cr\u00e9er des soins hautement performants, sensoriels et profond\u00e9ment efficaces. Chaque produit est pens\u00e9 comme un \u00e9quilibre parfait entre tradition et innovation, o\u00f9 les rituels ancestraux rencontrent les avanc\u00e9es scientifiques les plus pointues.\nBalixir, c\u2019est l\u2019alliance du vivant et de la science \u2014 pour une beaut\u00e9 pure, consciente et r\u00e9solument premium.<\/h2>\t\t\t\t<\/div>\n\t\t\t\t<\/div>\n\t\t\t\t\t<\/div>\n\t\t\t\t<\/div>\n\t\t<div class=\"elementor-element elementor-element-3231d78 e-flex e-con-boxed wpr-particle-no wpr-jarallax-no wpr-parallax-no wpr-sticky-section-no wpr-equal-height-no e-con e-parent\" data-id=\"3231d78\" data-element_type=\"container\" data-e-type=\"container\" data-settings=\"{&quot;background_background&quot;:&quot;classic&quot;}\">\n\t\t\t\t\t<div class=\"e-con-inner\">\n\t\t<div class=\"elementor-element elementor-element-42c4379 e-con-full e-flex wpr-particle-no wpr-jarallax-no wpr-parallax-no wpr-sticky-section-no wpr-equal-height-no e-con e-child\" data-id=\"42c4379\" data-element_type=\"container\" data-e-type=\"container\">\n\t\t\t\t<div class=\"elementor-element elementor-element-6c321c0 elementor-widget elementor-widget-heading\" data-id=\"6c321c0\" data-element_type=\"widget\" data-e-type=\"widget\" data-widget_type=\"heading.default\">\n\t\t\t\t<div class=\"elementor-widget-container\">\n\t\t\t\t\t<h2 class=\"elementor-heading-title elementor-size-default\">Notre mission<\/h2>\t\t\t\t<\/div>\n\t\t\t\t<\/div>\n\t\t\t\t<\/div>\n\t\t\t\t\t<\/div>\n\t\t\t\t<\/div>\n\t\t<div class=\"elementor-element elementor-element-d240d60 e-flex e-con-boxed wpr-particle-no wpr-jarallax-no wpr-parallax-no wpr-sticky-section-no wpr-equal-height-no e-con e-parent\" data-id=\"d240d60\" data-element_type=\"container\" data-e-type=\"container\" data-settings=\"{&quot;background_background&quot;:&quot;classic&quot;,&quot;animation_mobile&quot;:&quot;fadeInLeft&quot;}\">\n\t\t\t\t\t<div class=\"e-con-inner\">\n\t\t\t\t<div class=\"elementor-element elementor-element-95420c0 elementor-widget elementor-widget-heading\" data-id=\"95420c0\" data-element_type=\"widget\" data-e-type=\"widget\" data-widget_type=\"heading.default\">\n\t\t\t\t<div class=\"elementor-widget-container\">\n\t\t\t\t\t<h2 class=\"elementor-heading-title elementor-size-default\"><b><u>Promouvoir la sant\u00e9 de la peau<\/u><\/b> : Mettre en avant les bienfaits des ingr\u00e9dients naturels pour la sant\u00e9 de la peau, sans l'utilisation de produits chimiques agressifs.<br><br>\n\n<b><u>Durabilit\u00e9 et responsabilit\u00e9 environnementale<\/u><\/b> : Adopter des pratiques durables, des emballages \u00e9co-friendly et des sources d'ingr\u00e9dients respectueuses de l'environnement pour r\u00e9pondre aux pr\u00e9occupations croissantes des consommateurs.<br>\n<br>\n<b><u>Transparence des ingr\u00e9dients<\/u><\/b> : Fournir une transparence totale sur les ingr\u00e9dients utilis\u00e9s, \u00e9duquant les consommateurs sur les avantages des composants naturels.<br>\n<br>\n<b><u>\u00c9thique animale<\/u><\/b> : S'engager \u00e0 ne pas tester les produits sur les animaux et \u00e0 n'utiliser que des ingr\u00e9dients d'origine v\u00e9g\u00e9talienne.<br>\n<br>\n<b><u>\u00c9duquer les consommateurs<\/u><\/b> : Informer les consommateurs sur les avantages des produits naturels, partager des conseils de soins de la peau et encourager des modes de vie sains.<br>\n<br>\n<b><u>Cr\u00e9er une exp\u00e9rience utilisateur positive<\/u><\/b> : Offrir des produits de haute qualit\u00e9 avec des textures, des parfums et des emballages agr\u00e9ables pour am\u00e9liorer l'exp\u00e9rience globale du consommateur.<br>\n<br>\n<b><u>D\u00e9velopper une communaut\u00e9<\/u><\/b> : Cr\u00e9er une communaut\u00e9 engag\u00e9e autour de la marque, en partageant des t\u00e9moignages, des conseils et en encourageant les discussions sur la beaut\u00e9 naturelle.<br>\n<\/h2>\t\t\t\t<\/div>\n\t\t\t\t<\/div>\n\t\t\t\t\t<\/div>\n\t\t\t\t<\/div>\n\t\t\t\t<\/div>","protected":false},"excerpt":{"rendered":"<p>Qui sommes-nous ? Nous sommes bien plus qu\u2019une marque. Balixir est la rencontre rare entre la richesse botanique de Bali et l\u2019h\u00e9ritage authentique de l\u2019Alg\u00e9rie, sublim\u00e9e par l\u2019exigence de la science moderne. Au c\u0153ur de chaque formule, nous unissons des ingr\u00e9dients naturels d\u2019exception \u00e0 une recherche rigoureuse, pour cr\u00e9er des soins hautement performants, sensoriels et profond\u00e9ment efficaces. Chaque produit est pens\u00e9 comme un \u00e9quilibre parfait entre tradition et innovation, o\u00f9 les rituels ancestraux rencontrent les avanc\u00e9es scientifiques les plus pointues. Balixir, c\u2019est l\u2019alliance du vivant et de la science \u2014 pour une beaut\u00e9 pure, consciente et r\u00e9solument premium. Notre mission Promouvoir la sant\u00e9 de la peau : Mettre en avant les bienfaits des ingr\u00e9dients naturels pour la sant\u00e9 de la peau, sans l&#8217;utilisation de produits chimiques agressifs. Durabilit\u00e9 et responsabilit\u00e9 environnementale : Adopter des pratiques durables, des emballages \u00e9co-friendly et des sources d&#8217;ingr\u00e9dients respectueuses de l&#8217;environnement pour r\u00e9pondre aux pr\u00e9occupations croissantes des consommateurs. Transparence des ingr\u00e9dients : Fournir une transparence totale sur les ingr\u00e9dients utilis\u00e9s, \u00e9duquant les consommateurs sur les avantages des composants naturels. \u00c9thique animale : S&#8217;engager \u00e0 ne pas tester les produits sur les animaux et \u00e0 n&#8217;utiliser que des ingr\u00e9dients d&#8217;origine v\u00e9g\u00e9talienne. \u00c9duquer les consommateurs : Informer les consommateurs sur les avantages des produits naturels, partager des conseils de soins de la peau et encourager des modes de vie sains. Cr\u00e9er une exp\u00e9rience utilisateur positive : Offrir des produits de haute qualit\u00e9 avec des textures, des parfums et des emballages agr\u00e9ables pour am\u00e9liorer l&#8217;exp\u00e9rience globale du consommateur. D\u00e9velopper une communaut\u00e9 : Cr\u00e9er une communaut\u00e9 engag\u00e9e autour de la marque, en partageant des t\u00e9moignages, des conseils et en encourageant les discussions sur la beaut\u00e9 naturelle.<\/p>","protected":false},"author":1,"featured_media":0,"parent":0,"menu_order":0,"comment_status":"closed","ping_status":"closed","template":"","meta":{"nf_dc_page":"","om_disable_all_campaigns":false,"_uag_custom_page_level_css":"","site-sidebar-layout":"no-sidebar","site-content-layout":"","ast-site-content-layout":"full-width-container","site-content-style":"default","site-sidebar-style":"default","ast-global-header-display":"","ast-banner-title-visibility":"","ast-main-header-display":"","ast-hfb-above-header-display":"","ast-hfb-below-header-display":"","ast-hfb-mobile-header-display":"","site-post-title":"disabled","ast-breadcrumbs-content":"","ast-featured-img":"disabled","footer-sml-layout":"","ast-disable-related-posts":"","theme-transparent-header-meta":"","adv-header-id-meta":"","stick-header-meta":"","header-above-stick-meta":"","header-main-stick-meta":"","header-below-stick-meta":"","astra-migrate-meta-layouts":"default","ast-page-background-enabled":"default","ast-page-background-meta":{"desktop":{"background-color":"var(--ast-global-color-4)","background-image":"","background-repeat":"repeat","background-position":"center center","background-size":"auto","background-attachment":"scroll","background-type":"","background-media":"","overlay-type":"","overlay-color":"","overlay-opacity":"","overlay-gradient":""},"tablet":{"background-color":"","background-image":"","background-repeat":"repeat","background-position":"center center","background-size":"auto","background-attachment":"scroll","background-type":"","background-media":"","overlay-type":"","overlay-color":"","overlay-opacity":"","overlay-gradient":""},"mobile":{"background-color":"","background-image":"","background-repeat":"repeat","background-position":"center center","background-size":"auto","background-attachment":"scroll","background-type":"","background-media":"","overlay-type":"","overlay-color":"","overlay-opacity":"","overlay-gradient":""}},"ast-content-background-meta":{"desktop":{"background-color":"var(--ast-global-color-5)","background-image":"","background-repeat":"repeat","background-position":"center center","background-size":"auto","background-attachment":"scroll","background-type":"","background-media":"","overlay-type":"","overlay-color":"","overlay-opacity":"","overlay-gradient":""},"tablet":{"background-color":"var(--ast-global-color-5)","background-image":"","background-repeat":"repeat","background-position":"center center","background-size":"auto","background-attachment":"scroll","background-type":"","background-media":"","overlay-type":"","overlay-color":"","overlay-opacity":"","overlay-gradient":""},"mobile":{"background-color":"var(--ast-global-color-5)","background-image":"","background-repeat":"repeat","background-position":"center center","background-size":"auto","background-attachment":"scroll","background-type":"","background-media":"","overlay-type":"","overlay-color":"","overlay-opacity":"","overlay-gradient":""}},"footnotes":""},"class_list":["post-147","page","type-page","status-publish","hentry"],"yoast_head":"<!-- This site is optimized with the Yoast SEO plugin v27.5 - https:\/\/yoast.com\/product\/yoast-seo-wordpress\/ -->\n<title>a propos -<\/title>\n<meta name=\"robots\" content=\"index, follow, max-snippet:-1, max-image-preview:large, max-video-preview:-1\" \/>\n<link rel=\"canonical\" href=\"https:\/\/balixiralgerie.com\/en\/a-propos\/\" \/>\n<meta property=\"og:locale\" content=\"en_US\" \/>\n<meta property=\"og:type\" content=\"article\" \/>\n<meta property=\"og:title\" content=\"a propos -\" \/>\n<meta property=\"og:description\" content=\"Qui sommes-nous ? Nous sommes bien plus qu\u2019une marque. Balixir est la rencontre rare entre la richesse botanique de Bali et l\u2019h\u00e9ritage authentique de l\u2019Alg\u00e9rie, sublim\u00e9e par l\u2019exigence de la science moderne. Au c\u0153ur de chaque formule, nous unissons des ingr\u00e9dients naturels d\u2019exception \u00e0 une recherche rigoureuse, pour cr\u00e9er des soins hautement performants, sensoriels et profond\u00e9ment efficaces. Chaque produit est pens\u00e9 comme un \u00e9quilibre parfait entre tradition et innovation, o\u00f9 les rituels ancestraux rencontrent les avanc\u00e9es scientifiques les plus pointues. Balixir, c\u2019est l\u2019alliance du vivant et de la science \u2014 pour une beaut\u00e9 pure, consciente et r\u00e9solument premium. Notre mission Promouvoir la sant\u00e9 de la peau : Mettre en avant les bienfaits des ingr\u00e9dients naturels pour la sant\u00e9 de la peau, sans l&#8217;utilisation de produits chimiques agressifs. Durabilit\u00e9 et responsabilit\u00e9 environnementale : Adopter des pratiques durables, des emballages \u00e9co-friendly et des sources d&#8217;ingr\u00e9dients respectueuses de l&#8217;environnement pour r\u00e9pondre aux pr\u00e9occupations croissantes des consommateurs. Transparence des ingr\u00e9dients : Fournir une transparence totale sur les ingr\u00e9dients utilis\u00e9s, \u00e9duquant les consommateurs sur les avantages des composants naturels. \u00c9thique animale : S&#8217;engager \u00e0 ne pas tester les produits sur les animaux et \u00e0 n&#8217;utiliser que des ingr\u00e9dients d&#8217;origine v\u00e9g\u00e9talienne. \u00c9duquer les consommateurs : Informer les consommateurs sur les avantages des produits naturels, partager des conseils de soins de la peau et encourager des modes de vie sains. Cr\u00e9er une exp\u00e9rience utilisateur positive : Offrir des produits de haute qualit\u00e9 avec des textures, des parfums et des emballages agr\u00e9ables pour am\u00e9liorer l&#8217;exp\u00e9rience globale du consommateur. D\u00e9velopper une communaut\u00e9 : Cr\u00e9er une communaut\u00e9 engag\u00e9e autour de la marque, en partageant des t\u00e9moignages, des conseils et en encourageant les discussions sur la beaut\u00e9 naturelle.\" \/>\n<meta property=\"og:url\" content=\"https:\/\/balixiralgerie.com\/en\/a-propos\/\" \/>\n<meta property=\"article:modified_time\" content=\"2026-03-30T00:27:42+00:00\" \/>\n<meta name=\"twitter:card\" content=\"summary_large_image\" \/>\n<meta name=\"twitter:label1\" content=\"Est. reading time\" \/>\n\t<meta name=\"twitter:data1\" content=\"2 minutes\" \/>\n<script type=\"application\/ld+json\" class=\"yoast-schema-graph\">{\"@context\":\"https:\\\/\\\/schema.org\",\"@graph\":[{\"@type\":\"WebPage\",\"@id\":\"https:\\\/\\\/balixiralgerie.com\\\/a-propos\\\/\",\"url\":\"https:\\\/\\\/balixiralgerie.com\\\/a-propos\\\/\",\"name\":\"a propos -\",\"isPartOf\":{\"@id\":\"https:\\\/\\\/balixiralgerie.com\\\/#website\"},\"datePublished\":\"2023-10-29T22:59:38+00:00\",\"dateModified\":\"2026-03-30T00:27:42+00:00\",\"breadcrumb\":{\"@id\":\"https:\\\/\\\/balixiralgerie.com\\\/a-propos\\\/#breadcrumb\"},\"inLanguage\":\"en-US\",\"potentialAction\":[{\"@type\":\"ReadAction\",\"target\":[\"https:\\\/\\\/balixiralgerie.com\\\/a-propos\\\/\"]}]},{\"@type\":\"BreadcrumbList\",\"@id\":\"https:\\\/\\\/balixiralgerie.com\\\/a-propos\\\/#breadcrumb\",\"itemListElement\":[{\"@type\":\"ListItem\",\"position\":1,\"name\":\"Home\",\"item\":\"https:\\\/\\\/balixiralgerie.com\\\/\"},{\"@type\":\"ListItem\",\"position\":2,\"name\":\"a propos\"}]},{\"@type\":\"WebSite\",\"@id\":\"https:\\\/\\\/balixiralgerie.com\\\/#website\",\"url\":\"https:\\\/\\\/balixiralgerie.com\\\/\",\"name\":\"\",\"description\":\"\",\"potentialAction\":[{\"@type\":\"SearchAction\",\"target\":{\"@type\":\"EntryPoint\",\"urlTemplate\":\"https:\\\/\\\/balixiralgerie.com\\\/?s={search_term_string}\"},\"query-input\":{\"@type\":\"PropertyValueSpecification\",\"valueRequired\":true,\"valueName\":\"search_term_string\"}}],\"inLanguage\":\"en-US\"}]}<\/script>\n<!-- \/ Yoast SEO plugin. -->","yoast_head_json":{"title":"a propos -","robots":{"index":"index","follow":"follow","max-snippet":"max-snippet:-1","max-image-preview":"max-image-preview:large","max-video-preview":"max-video-preview:-1"},"canonical":"https:\/\/balixiralgerie.com\/en\/a-propos\/","og_locale":"en_US","og_type":"article","og_title":"a propos -","og_description":"Qui sommes-nous ? Nous sommes bien plus qu\u2019une marque. Balixir est la rencontre rare entre la richesse botanique de Bali et l\u2019h\u00e9ritage authentique de l\u2019Alg\u00e9rie, sublim\u00e9e par l\u2019exigence de la science moderne. Au c\u0153ur de chaque formule, nous unissons des ingr\u00e9dients naturels d\u2019exception \u00e0 une recherche rigoureuse, pour cr\u00e9er des soins hautement performants, sensoriels et profond\u00e9ment efficaces. Chaque produit est pens\u00e9 comme un \u00e9quilibre parfait entre tradition et innovation, o\u00f9 les rituels ancestraux rencontrent les avanc\u00e9es scientifiques les plus pointues. Balixir, c\u2019est l\u2019alliance du vivant et de la science \u2014 pour une beaut\u00e9 pure, consciente et r\u00e9solument premium. Notre mission Promouvoir la sant\u00e9 de la peau : Mettre en avant les bienfaits des ingr\u00e9dients naturels pour la sant\u00e9 de la peau, sans l&#8217;utilisation de produits chimiques agressifs. Durabilit\u00e9 et responsabilit\u00e9 environnementale : Adopter des pratiques durables, des emballages \u00e9co-friendly et des sources d&#8217;ingr\u00e9dients respectueuses de l&#8217;environnement pour r\u00e9pondre aux pr\u00e9occupations croissantes des consommateurs. Transparence des ingr\u00e9dients : Fournir une transparence totale sur les ingr\u00e9dients utilis\u00e9s, \u00e9duquant les consommateurs sur les avantages des composants naturels. \u00c9thique animale : S&#8217;engager \u00e0 ne pas tester les produits sur les animaux et \u00e0 n&#8217;utiliser que des ingr\u00e9dients d&#8217;origine v\u00e9g\u00e9talienne. \u00c9duquer les consommateurs : Informer les consommateurs sur les avantages des produits naturels, partager des conseils de soins de la peau et encourager des modes de vie sains. Cr\u00e9er une exp\u00e9rience utilisateur positive : Offrir des produits de haute qualit\u00e9 avec des textures, des parfums et des emballages agr\u00e9ables pour am\u00e9liorer l&#8217;exp\u00e9rience globale du consommateur. D\u00e9velopper une communaut\u00e9 : Cr\u00e9er une communaut\u00e9 engag\u00e9e autour de la marque, en partageant des t\u00e9moignages, des conseils et en encourageant les discussions sur la beaut\u00e9 naturelle.","og_url":"https:\/\/balixiralgerie.com\/en\/a-propos\/","article_modified_time":"2026-03-30T00:27:42+00:00","twitter_card":"summary_large_image","twitter_misc":{"Est. reading time":"2 minutes"},"schema":{"@context":"https:\/\/schema.org","@graph":[{"@type":"WebPage","@id":"https:\/\/balixiralgerie.com\/a-propos\/","url":"https:\/\/balixiralgerie.com\/a-propos\/","name":"a propos -","isPartOf":{"@id":"https:\/\/balixiralgerie.com\/#website"},"datePublished":"2023-10-29T22:59:38+00:00","dateModified":"2026-03-30T00:27:42+00:00","breadcrumb":{"@id":"https:\/\/balixiralgerie.com\/a-propos\/#breadcrumb"},"inLanguage":"en-US","potentialAction":[{"@type":"ReadAction","target":["https:\/\/balixiralgerie.com\/a-propos\/"]}]},{"@type":"BreadcrumbList","@id":"https:\/\/balixiralgerie.com\/a-propos\/#breadcrumb","itemListElement":[{"@type":"ListItem","position":1,"name":"Home","item":"https:\/\/balixiralgerie.com\/"},{"@type":"ListItem","position":2,"name":"a propos"}]},{"@type":"WebSite","@id":"https:\/\/balixiralgerie.com\/#website","url":"https:\/\/balixiralgerie.com\/","name":"","description":"","potentialAction":[{"@type":"SearchAction","target":{"@type":"EntryPoint","urlTemplate":"https:\/\/balixiralgerie.com\/?s={search_term_string}"},"query-input":{"@type":"PropertyValueSpecification","valueRequired":true,"valueName":"search_term_string"}}],"inLanguage":"en-US"}]}},"uagb_featured_image_src":{"full":false,"thumbnail":false,"medium":false,"medium_large":false,"large":false,"1536x1536":false,"2048x2048":false,"trp-custom-language-flag":false,"woocommerce_thumbnail":false,"woocommerce_single":false,"woocommerce_gallery_thumbnail":false,"form-edit-image-preview":false},"uagb_author_info":{"display_name":"balixiralgerie","author_link":"https:\/\/balixiralgerie.com\/en\/author\/admin\/"},"uagb_comment_info":0,"uagb_excerpt":"Qui sommes-nous ? Nous sommes bien plus qu\u2019une marque. Balixir est la rencontre rare entre la richesse botanique de Bali et l\u2019h\u00e9ritage authentique de l\u2019Alg\u00e9rie, sublim\u00e9e par l\u2019exigence de la science moderne. Au c\u0153ur de chaque formule, nous unissons des ingr\u00e9dients naturels d\u2019exception \u00e0 une recherche rigoureuse, pour cr\u00e9er des soins hautement performants, sensoriels et&hellip;","jetpack_sharing_enabled":true,"_links":{"self":[{"href":"https:\/\/balixiralgerie.com\/en\/wp-json\/wp\/v2\/pages\/147","targetHints":{"allow":["GET"]}}],"collection":[{"href":"https:\/\/balixiralgerie.com\/en\/wp-json\/wp\/v2\/pages"}],"about":[{"href":"https:\/\/balixiralgerie.com\/en\/wp-json\/wp\/v2\/types\/page"}],"author":[{"embeddable":true,"href":"https:\/\/balixiralgerie.com\/en\/wp-json\/wp\/v2\/users\/1"}],"replies":[{"embeddable":true,"href":"https:\/\/balixiralgerie.com\/en\/wp-json\/wp\/v2\/comments?post=147"}],"version-history":[{"count":5,"href":"https:\/\/balixiralgerie.com\/en\/wp-json\/wp\/v2\/pages\/147\/revisions"}],"predecessor-version":[{"id":1864,"href":"https:\/\/balixiralgerie.com\/en\/wp-json\/wp\/v2\/pages\/147\/revisions\/1864"}],"wp:attachment":[{"href":"https:\/\/balixiralgerie.com\/en\/wp-json\/wp\/v2\/media?parent=147"}],"curies":[{"name":"wp","href":"https:\/\/api.w.org\/{rel}","templated":true}]}}